{"id":10798,"date":"2024-04-11T09:15:45","date_gmt":"2024-04-11T07:15:45","guid":{"rendered":"http:\/\/sps19.kalisz.pl\/?page_id=10798"},"modified":"2024-04-11T09:22:34","modified_gmt":"2024-04-11T07:22:34","slug":"standardy-ochrony-maloletnich-zalaczniki-2","status":"publish","type":"page","link":"https:\/\/sps19.kalisz.pl\/index.php\/standardy-ochrony-maloletnich-zalaczniki-2\/","title":{"rendered":"Standardy Ochrony Ma\u0142oletnich za\u0142\u0105czniki"},"content":{"rendered":"\n<p><a href=\"https:\/\/sps19.kalisz.pl\/wp-content\/uploads\/2024\/04\/Standardy-Ochrony-Maloletnich-zalaczniki-1.pdf\" target=\"_blank\" rel=\"noreferrer noopener\">Standardy Ochrony Ma\u0142oletnich za\u0142\u0105czniki<\/a> (PDF)<\/p>\n","protected":false},"excerpt":{"rendered":"<p>Standardy Ochrony Ma\u0142oletnich za\u0142\u0105czniki (PDF)<\/p>\n","protected":false},"author":1,"featured_media":0,"parent":0,"menu_order":0,"comment_status":"closed","ping_status":"closed","template":"","meta":{"footnotes":""},"class_list":["post-10798","page","type-page","status-publish","hentry"],"_links":{"self":[{"href":"https:\/\/sps19.kalisz.pl\/index.php\/wp-json\/wp\/v2\/pages\/10798","targetHints":{"allow":["GET"]}}],"collection":[{"href":"https:\/\/sps19.kalisz.pl\/index.php\/wp-json\/wp\/v2\/pages"}],"about":[{"href":"https:\/\/sps19.kalisz.pl\/index.php\/wp-json\/wp\/v2\/types\/page"}],"author":[{"embeddable":true,"href":"https:\/\/sps19.kalisz.pl\/index.php\/wp-json\/wp\/v2\/users\/1"}],"replies":[{"embeddable":true,"href":"https:\/\/sps19.kalisz.pl\/index.php\/wp-json\/wp\/v2\/comments?post=10798"}],"version-history":[{"count":2,"href":"https:\/\/sps19.kalisz.pl\/index.php\/wp-json\/wp\/v2\/pages\/10798\/revisions"}],"predecessor-version":[{"id":10801,"href":"https:\/\/sps19.kalisz.pl\/index.php\/wp-json\/wp\/v2\/pages\/10798\/revisions\/10801"}],"wp:attachment":[{"href":"https:\/\/sps19.kalisz.pl\/index.php\/wp-json\/wp\/v2\/media?parent=10798"}],"curies":[{"name":"wp","href":"https:\/\/api.w.org\/{rel}","templated":true}]}}