{"id":1113,"date":"2019-12-12T09:12:12","date_gmt":"2019-12-12T08:12:12","guid":{"rendered":"http:\/\/sps19.kalisz.pl\/?page_id=1113"},"modified":"2025-12-01T11:34:01","modified_gmt":"2025-12-01T10:34:01","slug":"rada-rodzicow","status":"publish","type":"page","link":"https:\/\/sps19.kalisz.pl\/index.php\/o-nas\/rada-rodzicow\/","title":{"rendered":"Rada Rodzic\u00f3w"},"content":{"rendered":"\n<p class=\"has-large-font-size\"><strong>Przewodnicz\u0105ca:<\/strong><\/p>\n\n\n\n<p class=\"has-medium-font-size\">Ewelina Miko\u0142ajczyk<\/p>\n\n\n\n<p class=\"has-large-font-size\"><strong>Zast\u0119pca:<\/strong><\/p>\n\n\n\n<p class=\"has-medium-font-size\">Marcin Janiak<\/p>\n\n\n\n<p class=\"has-large-font-size\"><strong>Skarbnik:<\/strong><\/p>\n\n\n\n<p class=\"has-medium-font-size\">Katarzyna Wr\u00f3blewska<\/p>\n\n\n\n<p class=\"has-large-font-size\"><strong>Cz\u0142onkowie:<\/strong><\/p>\n\n\n\n<p class=\"has-medium-font-size\">Ma\u0142gorzata Szyma\u0144ska<\/p>\n\n\n\n<p class=\"has-medium-font-size\">Monika Walczak<\/p>\n","protected":false},"excerpt":{"rendered":"<p>Przewodnicz\u0105ca: Ewelina Miko\u0142ajczyk Zast\u0119pca: Marcin Janiak Skarbnik: Katarzyna Wr\u00f3blewska Cz\u0142onkowie: Ma\u0142gorzata Szyma\u0144ska Monika Walczak<\/p>\n","protected":false},"author":1,"featured_media":0,"parent":22,"menu_order":3,"comment_status":"closed","ping_status":"closed","template":"template\/full-width.php","meta":{"footnotes":""},"class_list":["post-1113","page","type-page","status-publish","hentry"],"_links":{"self":[{"href":"https:\/\/sps19.kalisz.pl\/index.php\/wp-json\/wp\/v2\/pages\/1113","targetHints":{"allow":["GET"]}}],"collection":[{"href":"https:\/\/sps19.kalisz.pl\/index.php\/wp-json\/wp\/v2\/pages"}],"about":[{"href":"https:\/\/sps19.kalisz.pl\/index.php\/wp-json\/wp\/v2\/types\/page"}],"author":[{"embeddable":true,"href":"https:\/\/sps19.kalisz.pl\/index.php\/wp-json\/wp\/v2\/users\/1"}],"replies":[{"embeddable":true,"href":"https:\/\/sps19.kalisz.pl\/index.php\/wp-json\/wp\/v2\/comments?post=1113"}],"version-history":[{"count":9,"href":"https:\/\/sps19.kalisz.pl\/index.php\/wp-json\/wp\/v2\/pages\/1113\/revisions"}],"predecessor-version":[{"id":12662,"href":"https:\/\/sps19.kalisz.pl\/index.php\/wp-json\/wp\/v2\/pages\/1113\/revisions\/12662"}],"up":[{"embeddable":true,"href":"https:\/\/sps19.kalisz.pl\/index.php\/wp-json\/wp\/v2\/pages\/22"}],"wp:attachment":[{"href":"https:\/\/sps19.kalisz.pl\/index.php\/wp-json\/wp\/v2\/media?parent=1113"}],"curies":[{"name":"wp","href":"https:\/\/api.w.org\/{rel}","templated":true}]}}