{"id":12288,"date":"2025-07-10T15:10:57","date_gmt":"2025-07-10T13:10:57","guid":{"rendered":"https:\/\/sps19.kalisz.pl\/?page_id=12288"},"modified":"2025-07-10T15:13:01","modified_gmt":"2025-07-10T13:13:01","slug":"godzina-dla-mlodych-glow","status":"publish","type":"page","link":"https:\/\/sps19.kalisz.pl\/index.php\/godzina-dla-mlodych-glow\/","title":{"rendered":"Godzina dla m\u0142odych g\u0142\u00f3w"},"content":{"rendered":"\n<p class=\"has-medium-font-size\">Dbamy o zdrowie psychiczne naszych dzieci- cenne informacje dla rodzic\u00f3w:<\/p>\n\n\n\n<figure class=\"wp-block-embed is-type-wp-embed is-provider-m-ode-g-owy wp-block-embed-m-ode-g-owy\"><div class=\"wp-block-embed__wrapper\">\n<blockquote class=\"wp-embedded-content\" data-secret=\"hG0vtSNWoC\"><a href=\"https:\/\/mlodeglowy.pl\/kompendium\/jestem-rodzicem\/\">Jestem rodzicem<\/a><\/blockquote><iframe class=\"wp-embedded-content\" sandbox=\"allow-scripts\" security=\"restricted\" style=\"position: absolute; visibility: hidden;\" title=\"&#8222;Jestem rodzicem&#8221; &#8212; M\u0142ode g\u0142owy\" src=\"https:\/\/mlodeglowy.pl\/kompendium\/jestem-rodzicem\/embed\/#?secret=ztcYXpgBMv#?secret=hG0vtSNWoC\" data-secret=\"hG0vtSNWoC\" width=\"600\" height=\"338\" frameborder=\"0\" marginwidth=\"0\" marginheight=\"0\" scrolling=\"no\"><\/iframe>\n<\/div><\/figure>\n\n\n\n<p class=\"has-medium-font-size\">Dbamy o zdrowie psychiczne naszych uczni\u00f3w- cenne informacje dla nauczycieli:<\/p>\n\n\n\n<figure class=\"wp-block-embed is-type-wp-embed is-provider-m-ode-g-owy wp-block-embed-m-ode-g-owy\"><div class=\"wp-block-embed__wrapper\">\n<blockquote class=\"wp-embedded-content\" data-secret=\"BdrCyhPGb3\"><a href=\"https:\/\/mlodeglowy.pl\/kompendium\/jestem-nauczycielem\/\">Jestem nauczycielem \/ specjalist\u0105\u00a0pracuj\u0105cym z&nbsp;m\u0142odzie\u017c\u0105<\/a><\/blockquote><iframe class=\"wp-embedded-content\" sandbox=\"allow-scripts\" security=\"restricted\" style=\"position: absolute; visibility: hidden;\" title=\"&#8222;Jestem nauczycielem \/ specjalist\u0105\u00a0pracuj\u0105cym z&nbsp;m\u0142odzie\u017c\u0105&#8221; &#8212; M\u0142ode g\u0142owy\" src=\"https:\/\/mlodeglowy.pl\/kompendium\/jestem-nauczycielem\/embed\/#?secret=lKxscucQdg#?secret=BdrCyhPGb3\" data-secret=\"BdrCyhPGb3\" width=\"600\" height=\"338\" frameborder=\"0\" marginwidth=\"0\" marginheight=\"0\" scrolling=\"no\"><\/iframe>\n<\/div><\/figure>\n","protected":false},"excerpt":{"rendered":"<p>Dbamy o zdrowie psychiczne naszych dzieci- cenne informacje dla rodzic\u00f3w: Dbamy o zdrowie psychiczne naszych uczni\u00f3w- cenne informacje dla nauczycieli:<\/p>\n","protected":false},"author":1,"featured_media":0,"parent":0,"menu_order":0,"comment_status":"closed","ping_status":"closed","template":"template\/full-width.php","meta":{"footnotes":""},"class_list":["post-12288","page","type-page","status-publish","hentry"],"_links":{"self":[{"href":"https:\/\/sps19.kalisz.pl\/index.php\/wp-json\/wp\/v2\/pages\/12288","targetHints":{"allow":["GET"]}}],"collection":[{"href":"https:\/\/sps19.kalisz.pl\/index.php\/wp-json\/wp\/v2\/pages"}],"about":[{"href":"https:\/\/sps19.kalisz.pl\/index.php\/wp-json\/wp\/v2\/types\/page"}],"author":[{"embeddable":true,"href":"https:\/\/sps19.kalisz.pl\/index.php\/wp-json\/wp\/v2\/users\/1"}],"replies":[{"embeddable":true,"href":"https:\/\/sps19.kalisz.pl\/index.php\/wp-json\/wp\/v2\/comments?post=12288"}],"version-history":[{"count":1,"href":"https:\/\/sps19.kalisz.pl\/index.php\/wp-json\/wp\/v2\/pages\/12288\/revisions"}],"predecessor-version":[{"id":12290,"href":"https:\/\/sps19.kalisz.pl\/index.php\/wp-json\/wp\/v2\/pages\/12288\/revisions\/12290"}],"wp:attachment":[{"href":"https:\/\/sps19.kalisz.pl\/index.php\/wp-json\/wp\/v2\/media?parent=12288"}],"curies":[{"name":"wp","href":"https:\/\/api.w.org\/{rel}","templated":true}]}}