{"id":1703,"date":"2020-03-16T10:04:05","date_gmt":"2020-03-16T09:04:05","guid":{"rendered":"http:\/\/sps19.kalisz.pl\/?page_id=1703"},"modified":"2020-03-21T11:21:27","modified_gmt":"2020-03-21T10:21:27","slug":"ppp","status":"publish","type":"page","link":"https:\/\/sps19.kalisz.pl\/index.php\/ppp\/","title":{"rendered":"PPP"},"content":{"rendered":"\n<p style=\"color:#ffffff\" class=\"has-text-color has-background has-text-align-center has-medium-font-size has-vivid-red-background-color\"><strong>Masz problem? Czujesz smutek, z\u0142o\u015b\u0107, bezsilno\u015b\u0107? Mo\u017ce warto porozmawia\u0107 i uzyska\u0107 wsparcie? Skorzystaj z pomocy psychologa i pedagoga szkolnego. Nie wahaj si\u0119, napisz do nas!!!<\/strong><\/p>\n\n\n\n<p style=\"background-color:#d7f0ff;font-size:18px\" class=\"has-background\"><strong>Kontakt:<\/strong> <a href=\"mailto:psycholog@sps19.kalisz.pl\">psycholog@sps19.kalisz.pl<\/a><\/p>\n\n\n\n<p style=\"background-color:#d7f0ff;font-size:18px\" class=\"has-background\"><strong>Kontakt:<\/strong> <a href=\"mailto:pedagog@sps19.kalisz.pl\">pedagog@sps19.kalisz.pl<\/a><\/p>\n\n\n\n<p style=\"background-color:#ecc5c5;color:#0b6384\" class=\"has-text-color has-background has-text-align-center has-normal-font-size\"><strong>Mo\u017cesz r\u00f3wnie\u017c skontaktowa\u0107 si\u0119 z nami pisz\u0105c komentarz.<\/strong><\/p>\n\n\n\n<p> <\/p>\n","protected":false},"excerpt":{"rendered":"<p>Masz problem? Czujesz smutek, z\u0142o\u015b\u0107, bezsilno\u015b\u0107? Mo\u017ce warto porozmawia\u0107 i uzyska\u0107 wsparcie? Skorzystaj z pomocy psychologa i pedagoga szkolnego. Nie wahaj si\u0119, napisz do nas!!! Kontakt: psycholog@sps19.kalisz.pl Kontakt: pedagog@sps19.kalisz.pl Mo\u017cesz r\u00f3wnie\u017c skontaktowa\u0107 si\u0119 z nami pisz\u0105c komentarz.<\/p>\n","protected":false},"author":1,"featured_media":0,"parent":0,"menu_order":0,"comment_status":"open","ping_status":"closed","template":"page-templates\/full-width.php","meta":{"footnotes":""},"class_list":["post-1703","page","type-page","status-publish","hentry"],"_links":{"self":[{"href":"https:\/\/sps19.kalisz.pl\/index.php\/wp-json\/wp\/v2\/pages\/1703","targetHints":{"allow":["GET"]}}],"collection":[{"href":"https:\/\/sps19.kalisz.pl\/index.php\/wp-json\/wp\/v2\/pages"}],"about":[{"href":"https:\/\/sps19.kalisz.pl\/index.php\/wp-json\/wp\/v2\/types\/page"}],"author":[{"embeddable":true,"href":"https:\/\/sps19.kalisz.pl\/index.php\/wp-json\/wp\/v2\/users\/1"}],"replies":[{"embeddable":true,"href":"https:\/\/sps19.kalisz.pl\/index.php\/wp-json\/wp\/v2\/comments?post=1703"}],"version-history":[{"count":9,"href":"https:\/\/sps19.kalisz.pl\/index.php\/wp-json\/wp\/v2\/pages\/1703\/revisions"}],"predecessor-version":[{"id":2138,"href":"https:\/\/sps19.kalisz.pl\/index.php\/wp-json\/wp\/v2\/pages\/1703\/revisions\/2138"}],"wp:attachment":[{"href":"https:\/\/sps19.kalisz.pl\/index.php\/wp-json\/wp\/v2\/media?parent=1703"}],"curies":[{"name":"wp","href":"https:\/\/api.w.org\/{rel}","templated":true}]}}