{"id":24,"date":"2019-08-30T18:47:26","date_gmt":"2019-08-30T16:47:26","guid":{"rendered":"http:\/\/sps19.kalisz.pl\/?page_id=24"},"modified":"2025-12-16T13:38:27","modified_gmt":"2025-12-16T12:38:27","slug":"historia-szkoly","status":"publish","type":"page","link":"https:\/\/sps19.kalisz.pl\/index.php\/o-nas\/historia-szkoly\/","title":{"rendered":"Historia Szko\u0142y"},"content":{"rendered":"\n<p class=\"has-text-align-center has-text-color has-background has-large-font-size\" style=\"color:#750a0a;background-color:#fff8cc\"><strong>HISTORIA SZKO\u0141Y<\/strong><\/p>\n\n\n\n<p class=\"has-medium-font-size\">Szko\u0142a Specjalna w Kaliszu powsta\u0142a kilka lat po I wojnie \u015bwiatowej. <\/p>\n\n\n\n<p class=\"has-medium-font-size\">Pierwszym pedagogiem specjalnym by\u0142 Henryk Ryll, kt\u00f3ry po 1923 roku obj\u0105\u0142 stanowisko kierownika szko\u0142y z siedzib\u0105 przy ulicy Jasnej. Za wybitne zas\u0142ugi dla szkolnictwa specjalnego zosta\u0142 powo\u0142any na wizytatora w Ministerstwie w Wydziale Szkolnictwa Specjalnego. Kierownictwo w szkole obj\u0105\u0142 obywatel Krywonosiuk i pe\u0142ni\u0142 t\u0105 funkcj\u0119 do wybuchu II wojny \u015bwiatowej. Po zako\u0144czeniu I wojny \u015bwiatowej w Kaliszu nie by\u0142o szko\u0142y specjalnej. Zorganizowane by\u0142y jedynie cztery klasy, kt\u00f3re mie\u015bci\u0142y si\u0119 w Szkole Podstawowej nr 19 przy ulicy Tadeusza Ko\u015bciuszki. W czerwcu 1949 roku \u00f3wczesne w\u0142adze zdecydowa\u0142y o reaktywacji szko\u0142y specjalnej. Misj\u0119 t\u0105 powierzono Janowi Janowskiemu, natomiast siedziba szko\u0142y zosta\u0142a zlokalizowana przy ulicy Cz\u0119stochowskiej 45, w budynku, kt\u00f3ry wydzier\u017cawiono od Zgromadzenia Si\u00f3str Felicjanek. Pe\u0142en zapa\u0142u do pracy Jan Janowski w ci\u0105gu zaledwie sze\u015bciu tygodni przeprowadzi\u0142 remont i z dniem 1 wrze\u015bnia 1949 roku szko\u0142a powita\u0142a pierwszych uczni\u00f3w. Kierownikiem szko\u0142y zosta\u0142 Jan Janowski. Zas\u0142ugi wybitnego pedagoga s\u0105 nieocenione. Dba\u0142 on nie tylko o rozw\u00f3j metodyczny i dydaktyczny szko\u0142y, ale r\u00f3wnie\u017c o jej organizacyjn\u0105 stron\u0119 (wyposa\u017cenie szko\u0142y, \u015bwietlica, boisko, ogr\u00f3d, plac zabaw, warsztaty). Szko\u0142a sta\u0142a si\u0119 \u015brodowiskiem, kt\u00f3re zintegrowa\u0142o nauczycieli, uczni\u00f3w oraz rodzic\u00f3w. Od 1951 roku rozpocz\u0119\u0142y si\u0119 systematyczne badania psychologiczne dzieci szk\u00f3\u0142 podstawowych w Kaliszu. Szko\u0142a organizowa\u0142a liczne konferencje dla pedagog\u00f3w, dzi\u0119ki czemu sta\u0142a si\u0119 &#8222;szko\u0142\u0105 \u0107wicze\u0144&#8221; dla przysz\u0142ych nauczycieli szk\u00f3\u0142 podstawowych, kt\u00f3rzy zdobyli wiedz\u0119 z zakresu metod pracy z dzieckiem niepe\u0142nosprawnym intelektualnie. Na prze\u0142omie lat 1951\/1952 szko\u0142a przej\u0119\u0142a nadz\u00f3r pedagogiczny nad Pa\u0144stwowym Zak\u0142adem Wychowawczym dla dziewcz\u0105t moralnie upo\u015bledzonych przy ulicy Pozna\u0144skiej. <\/p>\n\n\n\n<p class=\"has-medium-font-size\">W 1970 roku dyrektorem szko\u0142y zosta\u0142a Natalia Ku\u015bwik, nauczyciel pracuj\u0105cy w szkole. Warunki by\u0142y bardzo trudne: stary budynek z piecami, bardzo liczne klasy, zaj\u0119cia, kt\u00f3re odbywa\u0142y si\u0119 na dwie zmiany. To wszystko nie zach\u0119ca\u0142o do pracy, ale nauczycielom, mimo trudnych warunk\u00f3w,  nie zabrak\u0142o ch\u0119ci, motywacji i zaanga\u017cowania. <\/p>\n\n\n\n<p class=\"has-medium-font-size\">W 1991 roku w\u0142adze naszego miasta zdecydowa\u0142y o przeniesieniu plac\u00f3wki na ulic\u0119 Budowlanych 2, gdzie funkcjonujemy do dnia dzisiejszego. Od tego momentu zacz\u0119\u0142a si\u0119 nowa jako\u015b\u0107 szko\u0142y, kt\u00f3r\u0105 kierowa\u0142a osoba o szczeg\u00f3lnej wra\u017cliwo\u015bci, empatii i kompetencjach &#8211; Halina Janus. Uczniowie brali udzia\u0142 w &#8222;Olimpiadach Specjalnych&#8221; zdobywaj\u0105c liczne medale. Dyrektor Janus stawia\u0142a na rozw\u00f3j dydaktyczno-merytoryczny nauczycieli, wprowadzi\u0142a nowe metody do pracy z uczniami, promowa\u0142a szko\u0142\u0119 poprzez konferencje naukowe. Rozpocz\u0119\u0142a si\u0119 r\u00f3wnie\u017c wsp\u00f3\u0142praca z O\u015brodkiem Szkolno-Wychowawczym Ojc\u00f3w Orionist\u00f3w oraz O\u015brodkiem Pobytu Dziennego Tulipan. Swoj\u0105 plac\u00f3wk\u0119 mieli\u015bmy r\u00f3wnie\u017c na ul. Pozna\u0144skiej u si\u00f3str Matki Bo\u017cego Mi\u0142osierdzia. <\/p>\n\n\n\n<p class=\"has-medium-font-size\">Rok 1998, to pierwszy rok, w kt\u00f3rym dzieci z g\u0142\u0119bok\u0105 niepe\u0142nosprawno\u015bci\u0105 intelektualn\u0105 zostaj\u0105 obj\u0119te opiek\u0105 naszej szko\u0142y. <\/p>\n\n\n\n<p class=\"has-medium-font-size\">W roku 2003 dyrektorem szko\u0142y zosta\u0142a Gabriela Danis, kt\u00f3ra pe\u0142ni\u0142a t\u0119 funkcj\u0119 przez pi\u0119tna\u015bcie lat. Unijne \u015brodki sprawi\u0142y, \u017ce nasza szko\u0142a sta\u0142a si\u0119 nowoczesna, wyremontowana, dofinansowana w pomoce naukowe. Na przestrzeni pi\u0119tnastu lat pojawi\u0142a si\u0119 sala gimnastyczna, boisko, winda, sala integracji sensorycznej. Kadra nauczycielska systematycznie doskonali\u0142a si\u0119 uczestnicz\u0105c i organizuj\u0105c warsztaty i konferencje naukowe. Szkolenia w nowych metodach pracy z dzie\u0107mi intelektualnie niepe\u0142nosprawnymi, przyczyni\u0142y si\u0119 do tego, \u017ce specjali\u015bci pracuj\u0105cy w szkole prezentowali najwy\u017cszy poziom.<\/p>\n\n\n\n<p class=\"has-medium-font-size\">W 2004 roku powsta\u0142 r\u00f3wnie\u017c &#8222;Szkolny ch\u00f3r nauczycielski&#8221;. Z inicjatywy pani Sylwii Baranowskiej w 2016 roku powsta\u0142a przy szkole grupa wsparcia &#8222;Przysta\u0144&#8221;, kt\u00f3ra na obecn\u0105 chwil\u0119 zrzesza trzysta siedemdziesi\u0105t cztery rodziny os\u00f3b niepe\u0142nosprawnych. Coroczne Jase\u0142ka w wykonaniu naszych uczni\u00f3w s\u0105 perfekcyjnie przygotowane i zachwycaj\u0105 przyby\u0142ych go\u015bci. <\/p>\n\n\n\n<p class=\"has-medium-font-size\">W 2018 roku dyrektorem szko\u0142y zosta\u0142a pani Sylwia Baranowska. M\u0142oda, dynamiczna osoba z wizj\u0105 szko\u0142y, du\u017cym zaanga\u017cowaniem, wielkim sercem, rozwija i promuje nasz\u0105 szko\u0142\u0119 wraz z kadr\u0105 i rodzicami. W ci\u0105gu pierwszego roku odbywa si\u0119 wiele znacz\u0105cych imprez, kt\u00f3re zintegrowa\u0142y \u015brodowisko szkolne i lokalne. Nasi uczniowie zdobyli I miejsce w Wojew\u00f3dzkim Turnieju Bezpiecze\u0144stwa w Ruchu Drogowym dla szk\u00f3\u0142 specjalnych i Specjalnych O\u015brodk\u00f3w Szkolno-Wychowawczych. W szkole powsta\u0142a wypo\u017cyczalnia rower\u00f3w tr\u00f3jko\u0142owych i sprz\u0119tu rehabilitacyjnego &#8211; pierwsza w Polsce dla Niepe\u0142nosprawnych. Uczniowie wzi\u0119li udzia\u0142 w Olimpiadzie Specjalnej w Hamm, podczas kt\u00f3rej zdobyli a\u017c 12 medali. Uczennica naszej szko\u0142y zosta\u0142a zaproszona jako jedna z o\u015bmiu os\u00f3b, kt\u00f3re po raz pierwszy w historii Tour de Pologne pokonaj\u0105 odcinek specjalny na rowerze tr\u00f3jko\u0142owym &#8211; dedykowany osobom niepe\u0142nosprawnym. Pani dyrektor oraz nauczyciele pozyskali fundusze i sponsor\u00f3w na remont szko\u0142y, dzi\u0119ki kt\u00f3rym wyremontowano parter oraz I pi\u0119tro. Powsta\u0142a r\u00f3wnie\u017c nowoczesna \u015bwietlica oraz biblioteka marze\u0144. Uruchomiony zosta\u0142 program Horiterapii. Przedstawiciele grupy wsparcia &#8222;Przysta\u0144&#8221; na czele z przewodnicz\u0105c\u0105 Rady Rodzic\u00f3w wzi\u0119li udzia\u0142 w programie telewizyjnym &#8222;Familiada&#8221;, promuj\u0105c tym samym miasto Kalisz oraz nasz\u0105 szko\u0142\u0119. W 2018 roku zdobyli\u015bmy tytu\u0142 &#8222;Szko\u0142y Przyjaznej Uczniom&#8221;. Go\u015bcili\u015bmy znane osobisto\u015bci ze \u015bwiata kultury i sportu, mi\u0119dzy innymi Jerzego Owsiaka, DJ-Wiki oraz Mart\u0119 Walczykiewicz. Kolorowe schody, na kt\u00f3rych umieszczone s\u0105 naklejki z pozytywnymi cytatami, przypominaj\u0105 nam, \u017ce warto by\u0107 mi\u0142ym dla drugiego cz\u0142owieka, co pomaga w tworzeniu pozytywnych relacji, aby ka\u017cdy w naszej szkole czu\u0142 si\u0119 dobrze. Rok 2020 by\u0142 trudnym czasem, ale uda\u0142o si\u0119 osi\u0105gn\u0105\u0107 wysok\u0105 jako\u015b\u0107 organizacji szko\u0142y i jednocze\u015bnie otoczy\u0107 uczni\u00f3w wielospecjalistycznym wsparciem w ich indywidualnym rozwoju maj\u0105c na uwadze mo\u017cliwo\u015bci i potrzeby ka\u017cdego z osobna.<\/p>\n\n\n\n<p class=\"has-medium-font-size\"><strong>W ci\u0105gu 72 lat, czas zmieni\u0142 nasz\u0105 szko\u0142\u0119, nadaj\u0105c jej nowy kszta\u0142t i jej edukacyjno- terapeutyczny wymiar. Ale nie zmieni\u0142o si\u0119 jedno- dla nas nauczycieli, dyrektora najwa\u017cniejszy by\u0142 i jest ucze\u0144. Jego indywidualny rozw\u00f3j na miar\u0119 mo\u017cliwo\u015bci i potrzeb. Chcemy, aby by\u0142 szcz\u0119\u015bliwy, u\u015bmiechni\u0119ty, zmotywowany do pracy i dzia\u0142a\u0144 przekraczaj\u0105c pr\u00f3g naszej szko\u0142y.<\/strong><\/p>\n","protected":false},"excerpt":{"rendered":"<p>HISTORIA SZKO\u0141Y Szko\u0142a Specjalna w Kaliszu powsta\u0142a kilka lat po I wojnie \u015bwiatowej. Pierwszym pedagogiem specjalnym by\u0142 Henryk Ryll, kt\u00f3ry po 1923 roku obj\u0105\u0142 stanowisko kierownika szko\u0142y z siedzib\u0105 przy ulicy Jasnej. Za wybitne zas\u0142ugi dla szkolnictwa specjalnego zosta\u0142 powo\u0142any&#8230; <a href=\"https:\/\/sps19.kalisz.pl\/index.php\/o-nas\/historia-szkoly\/\" class=\"readmore\">Dowiedz si\u0119 wi\u0119cej<span class=\"screen-reader-text\">Historia Szko\u0142y<\/span><span class=\"fa fa-angle-double-right\" aria-hidden=\"true\"><\/span><\/a><\/p>\n","protected":false},"author":1,"featured_media":0,"parent":22,"menu_order":1,"comment_status":"closed","ping_status":"closed","template":"template\/full-width.php","meta":{"footnotes":""},"class_list":["post-24","page","type-page","status-publish","hentry"],"_links":{"self":[{"href":"https:\/\/sps19.kalisz.pl\/index.php\/wp-json\/wp\/v2\/pages\/24","targetHints":{"allow":["GET"]}}],"collection":[{"href":"https:\/\/sps19.kalisz.pl\/index.php\/wp-json\/wp\/v2\/pages"}],"about":[{"href":"https:\/\/sps19.kalisz.pl\/index.php\/wp-json\/wp\/v2\/types\/page"}],"author":[{"embeddable":true,"href":"https:\/\/sps19.kalisz.pl\/index.php\/wp-json\/wp\/v2\/users\/1"}],"replies":[{"embeddable":true,"href":"https:\/\/sps19.kalisz.pl\/index.php\/wp-json\/wp\/v2\/comments?post=24"}],"version-history":[{"count":20,"href":"https:\/\/sps19.kalisz.pl\/index.php\/wp-json\/wp\/v2\/pages\/24\/revisions"}],"predecessor-version":[{"id":12842,"href":"https:\/\/sps19.kalisz.pl\/index.php\/wp-json\/wp\/v2\/pages\/24\/revisions\/12842"}],"up":[{"embeddable":true,"href":"https:\/\/sps19.kalisz.pl\/index.php\/wp-json\/wp\/v2\/pages\/22"}],"wp:attachment":[{"href":"https:\/\/sps19.kalisz.pl\/index.php\/wp-json\/wp\/v2\/media?parent=24"}],"curies":[{"name":"wp","href":"https:\/\/api.w.org\/{rel}","templated":true}]}}