{"id":242,"date":"2019-09-12T10:30:33","date_gmt":"2019-09-12T08:30:33","guid":{"rendered":"http:\/\/sps19.kalisz.pl\/?page_id=242"},"modified":"2025-07-09T12:48:19","modified_gmt":"2025-07-09T10:48:19","slug":"dyrekcja","status":"publish","type":"page","link":"https:\/\/sps19.kalisz.pl\/index.php\/dyrekcja\/","title":{"rendered":"Dyrekcja"},"content":{"rendered":"\n<p class=\"has-text-align-center has-text-color has-background has-medium-font-size\" style=\"color:#15009b;background-color:#ffface\"><strong>Dyrektor: mgr Sylwia Baranowska<\/strong><\/p>\n\n\n\n<p class=\"has-text-align-center has-vivid-cyan-blue-color has-text-color\" style=\"font-size:18px\">kontakt: dyrektor@sps19.kalisz.pl<\/p>\n\n\n\n<p class=\"has-text-align-center has-text-color has-background has-medium-font-size\" style=\"color:#15009b;background-color:#ffface\"><strong>Wicedyrektor: mgr Joanna R\u00f3\u017cycka<\/strong><\/p>\n\n\n\n<p class=\"has-text-align-center has-vivid-cyan-blue-color has-text-color\" style=\"font-size:18px\">kontakt: wicedyrektor@sps19.kalisz.pl<\/p>\n\n\n\n<p class=\"has-text-align-center has-text-color has-background has-medium-font-size\" style=\"color:#15009b;background-color:#ffface\"><strong>Wicedyrektor: mgr Agata Kopczy\u0144ska<\/strong><\/p>\n\n\n\n<p class=\"has-text-align-center has-vivid-cyan-blue-color has-text-color\" style=\"font-size:18px\"><a href=\"wicedyrektor2@sps19.kalisz.pl\">kontakt: wicedyrektor2@sps19.kalisz.pl<\/a><\/p>\n","protected":false},"excerpt":{"rendered":"<p>Dyrektor: mgr Sylwia Baranowska kontakt: dyrektor@sps19.kalisz.pl Wicedyrektor: mgr Joanna R\u00f3\u017cycka kontakt: wicedyrektor@sps19.kalisz.pl Wicedyrektor: mgr Agata Kopczy\u0144ska kontakt: wicedyrektor2@sps19.kalisz.pl<\/p>\n","protected":false},"author":1,"featured_media":0,"parent":0,"menu_order":0,"comment_status":"closed","ping_status":"closed","template":"template\/full-width.php","meta":{"footnotes":""},"class_list":["post-242","page","type-page","status-publish","hentry"],"_links":{"self":[{"href":"https:\/\/sps19.kalisz.pl\/index.php\/wp-json\/wp\/v2\/pages\/242","targetHints":{"allow":["GET"]}}],"collection":[{"href":"https:\/\/sps19.kalisz.pl\/index.php\/wp-json\/wp\/v2\/pages"}],"about":[{"href":"https:\/\/sps19.kalisz.pl\/index.php\/wp-json\/wp\/v2\/types\/page"}],"author":[{"embeddable":true,"href":"https:\/\/sps19.kalisz.pl\/index.php\/wp-json\/wp\/v2\/users\/1"}],"replies":[{"embeddable":true,"href":"https:\/\/sps19.kalisz.pl\/index.php\/wp-json\/wp\/v2\/comments?post=242"}],"version-history":[{"count":5,"href":"https:\/\/sps19.kalisz.pl\/index.php\/wp-json\/wp\/v2\/pages\/242\/revisions"}],"predecessor-version":[{"id":11088,"href":"https:\/\/sps19.kalisz.pl\/index.php\/wp-json\/wp\/v2\/pages\/242\/revisions\/11088"}],"wp:attachment":[{"href":"https:\/\/sps19.kalisz.pl\/index.php\/wp-json\/wp\/v2\/media?parent=242"}],"curies":[{"name":"wp","href":"https:\/\/api.w.org\/{rel}","templated":true}]}}