{"id":329,"date":"2019-09-19T17:28:31","date_gmt":"2019-09-19T15:28:31","guid":{"rendered":"http:\/\/sps19.kalisz.pl\/?page_id=329"},"modified":"2025-12-16T14:06:43","modified_gmt":"2025-12-16T13:06:43","slug":"integracja-sensoryczna","status":"publish","type":"page","link":"https:\/\/sps19.kalisz.pl\/index.php\/organizacja\/gabinety\/integracja-sensoryczna\/","title":{"rendered":"Integracja Sensoryczna"},"content":{"rendered":"\n<p style=\"font-size:18px\">Aby zaj\u0119cia by\u0142y atrakcyjne wykorzystuj\u0119 do  nich r\u00f3\u017cnego rodzaju hu\u015btawki, liny, deskorolki, drabinki do wspinania. Dziecko skacze, czo\u0142ga si\u0119, pokonuje tory przeszk\u00f3d, dobrze si\u0119 przy tym bawi\u0105c. Ci\u0105g\u0142e balansowanie na granicy mo\u017cliwo\u015bci dziecka poprawia organizacj\u0119 o\u015brodkowego uk\u0142adu nerwowego i wp\u0142ywa na zmian\u0119 zachowania w sferze motorycznej oraz emocjonalnej, poprawia funkcje j\u0119zykowe i poznawcze, a przede wszystkim przejawia si\u0119 lepsz\u0105 efektywno\u015bci\u0105 uczenia si\u0119. Podczas terapii nie ucz\u0119 dziecka konkretnych umiej\u0119tno\u015bci, lecz poprawiaj\u0105c integracj\u0119 sensoryczn\u0105 wzmacniam procesy nerwowe le\u017c\u0105ce u podstaw tych umiej\u0119tno\u015bci. W przyjaznym i bezpiecznym otoczeniu dziecko pod okiem terapeuty uczy si\u0119 w spos\u00f3b efektywny automatycznie przetwarza\u0107 i wykorzystywa\u0107 wra\u017cenia sensoryczne. Im dziecko ch\u0119tniej i lepiej wsp\u00f3\u0142pracuje, tym szybciej zauwa\u017camy post\u0119py.<\/p>\n\n\n\n<p style=\"font-size:18px\">Terapia SI polega na zabawie ukierunkowanej  jest to pe\u0142na gama \u0107wicze\u0144 i aktywno\u015bci proponowanych dziecku, kt\u00f3ra ma wyzwala\u0107 konkretne reakcje sensoryczne. Aby nast\u0119powa\u0142a poprawa w organizacji o\u015brodkowego uk\u0142adu nerwowego podczas terapii zastosowane s\u0105 takie \u0107wiczenia, kt\u00f3re b\u0119d\u0105c w\u0142a\u015bciwym wyzwaniem dla uczestnika terapii s\u0105 stymuluj\u0105ce dla m\u00f3zgu. \u0106wiczenia s\u0105 dostosowane do poziomu rozwojowego dziecka, nie b\u0119d\u0105 zbyt \u0142atwe ani zbyt trudne, gdy\u017c jest to \u015bwiadoma terapia sukcesu dziecka.<\/p>\n\n\n\n<p style=\"font-size:18px\"><em>Terapia SI jest dla dziecka przyjemno\u015bci\u0105 i winna by\u0107 przyjemno\u015bci\u0105, by dziecko odnosi\u0142o sukcesy i rado\u015b\u0107 z trudno\u015bci na drodze do celu.<\/em><\/p>\n","protected":false},"excerpt":{"rendered":"<p>Aby zaj\u0119cia by\u0142y atrakcyjne wykorzystuj\u0119 do nich r\u00f3\u017cnego rodzaju hu\u015btawki, liny, deskorolki, drabinki do wspinania. Dziecko skacze, czo\u0142ga si\u0119, pokonuje tory przeszk\u00f3d, dobrze si\u0119 przy tym bawi\u0105c. Ci\u0105g\u0142e balansowanie na granicy mo\u017cliwo\u015bci dziecka poprawia organizacj\u0119 o\u015brodkowego uk\u0142adu nerwowego i wp\u0142ywa&#8230; <a href=\"https:\/\/sps19.kalisz.pl\/index.php\/organizacja\/gabinety\/integracja-sensoryczna\/\" class=\"readmore\">Dowiedz si\u0119 wi\u0119cej<span class=\"screen-reader-text\">Integracja Sensoryczna<\/span><span class=\"fa fa-angle-double-right\" aria-hidden=\"true\"><\/span><\/a><\/p>\n","protected":false},"author":1,"featured_media":0,"parent":70,"menu_order":4,"comment_status":"closed","ping_status":"closed","template":"template\/full-width.php","meta":{"footnotes":""},"class_list":["post-329","page","type-page","status-publish","hentry"],"_links":{"self":[{"href":"https:\/\/sps19.kalisz.pl\/index.php\/wp-json\/wp\/v2\/pages\/329","targetHints":{"allow":["GET"]}}],"collection":[{"href":"https:\/\/sps19.kalisz.pl\/index.php\/wp-json\/wp\/v2\/pages"}],"about":[{"href":"https:\/\/sps19.kalisz.pl\/index.php\/wp-json\/wp\/v2\/types\/page"}],"author":[{"embeddable":true,"href":"https:\/\/sps19.kalisz.pl\/index.php\/wp-json\/wp\/v2\/users\/1"}],"replies":[{"embeddable":true,"href":"https:\/\/sps19.kalisz.pl\/index.php\/wp-json\/wp\/v2\/comments?post=329"}],"version-history":[{"count":7,"href":"https:\/\/sps19.kalisz.pl\/index.php\/wp-json\/wp\/v2\/pages\/329\/revisions"}],"predecessor-version":[{"id":12850,"href":"https:\/\/sps19.kalisz.pl\/index.php\/wp-json\/wp\/v2\/pages\/329\/revisions\/12850"}],"up":[{"embeddable":true,"href":"https:\/\/sps19.kalisz.pl\/index.php\/wp-json\/wp\/v2\/pages\/70"}],"wp:attachment":[{"href":"https:\/\/sps19.kalisz.pl\/index.php\/wp-json\/wp\/v2\/media?parent=329"}],"curies":[{"name":"wp","href":"https:\/\/api.w.org\/{rel}","templated":true}]}}