{"id":381,"date":"2019-09-20T09:05:34","date_gmt":"2019-09-20T07:05:34","guid":{"rendered":"http:\/\/sps19.kalisz.pl\/?page_id=381"},"modified":"2026-01-29T10:23:33","modified_gmt":"2026-01-29T09:23:33","slug":"innowacje-pedagogiczne","status":"publish","type":"page","link":"https:\/\/sps19.kalisz.pl\/index.php\/terapie-pedagogiczne\/innowacje-pedagogiczne\/","title":{"rendered":"Hortiterapia"},"content":{"rendered":"<div class=\"wp-block-image\">\n<figure class=\"aligncenter\"><img fetchpriority=\"high\" decoding=\"async\" width=\"1024\" height=\"207\" src=\"https:\/\/sps19.kalisz.pl\/wp-content\/uploads\/2019\/10\/horti-1024x207.png\" alt=\"\" class=\"wp-image-748\" srcset=\"https:\/\/sps19.kalisz.pl\/wp-content\/uploads\/2019\/10\/horti-1024x207.png 1024w, https:\/\/sps19.kalisz.pl\/wp-content\/uploads\/2019\/10\/horti-300x61.png 300w, https:\/\/sps19.kalisz.pl\/wp-content\/uploads\/2019\/10\/horti-768x155.png 768w, https:\/\/sps19.kalisz.pl\/wp-content\/uploads\/2019\/10\/horti-660x133.png 660w, https:\/\/sps19.kalisz.pl\/wp-content\/uploads\/2019\/10\/horti.png 1080w\" sizes=\"(max-width: 1024px) 100vw, 1024px\" \/><\/figure>\n<\/div>\n\n\n<p class=\"has-text-align-center has-text-color has-medium-font-size\" style=\"color:#205114\"><strong>HORTITERAPIA<\/strong><\/p>\n\n\n\n<p class=\"has-medium-font-size\"><br> Program zaj\u0119\u0107 przyrodniczych z elementami hortiterapii, pt; &#8222;Pasjonaci Ogrodu&#8221;, przeznaczony jest dla uczni\u00f3w z niepe\u0142nosprawno\u015bci\u0105 intelektualn\u0105 w stopniu umiarkowanym i znacznym. Program jest zgodny z podstaw\u0105 programow\u0105 kszta\u0142cenia og\u00f3lnego uczni\u00f3w niepe\u0142nosprawnych intelektualnie w stopniu umiarkowanym i znacznym oraz z Programem Profilaktyczno-Wychowawczym Szko\u0142y Podstawowej Specjalnej nr 19 w Kaliszu. Kszta\u0142cenie uczni\u00f3w z niepe\u0142nosprawno\u015bci\u0105 intelektualn\u0105 w stopniu umiarkowanym lub znacznym polega na nauczaniu i wychowaniu ca\u0142o\u015bciowym, zintegrowanym, opartym na wielozmys\u0142owym poznawaniu otaczaj\u0105cego \u015bwiata.<br> G\u0142\u00f3wne za\u0142o\u017cenia innowacji to wzbudzanie zainteresowa\u0144, rozwijanie zdolno\u015bci, wdra\u017canie do konstruktywnego sp\u0119dzania wolnego czasu na \u015bwie\u017cym powietrzu.<br> Inspiracj\u0105 do napisania programu jest nowy ogr\u00f3d powstaj\u0105cy w naszej szkole. Daje on naszym podopiecznym nowe mo\u017cliwo\u015bci pracy w na \u015bwie\u017cym powietrzu. Uczniowie z r\u00f3\u017cnych klas mog\u0105 razem tworzy\u0107 przestrze\u0144 wok\u00f3\u0142 naszej plac\u00f3wki.<\/p>\n\n\n\n<p class=\"has-medium-font-size\">Zaplanowane czynno\u015bci wykonywane w ogrodzie szkolnym to:<\/p>\n\n\n\n<ul class=\"wp-block-list\">\n<li>Sianie i sadzenie ma\u0142ych ro\u015blin<\/li>\n\n\n\n<li>Przygotowywanie sadzonek w pomieszczeniach klasowych<\/li>\n\n\n\n<li class=\"has-medium-font-size\">Podlewanie i nawo\u017cenie ro\u015blin<\/li>\n\n\n\n<li>Rozpoznawanie i pielenie chwast\u00f3w<\/li>\n\n\n\n<li>Grabienie li\u015bci<\/li>\n\n\n\n<li>Usuwanie przekwit\u0142ych kwiat\u00f3w z rabat<\/li>\n\n\n\n<li>Ci\u0119cie ro\u015blin<\/li>\n\n\n\n<li>Sianie poplonu<\/li>\n\n\n\n<li>Przygotowywanie i czyszczenie narz\u0119dzi ogrodniczych<\/li>\n\n\n\n<li>Rozpoznawanie ro\u015blin z ogrodu szkolnego W sytuacji nieodpowiedniej pogody jak r\u00f3wnie\u017c zim\u0105:<\/li>\n\n\n\n<li>Wykonywanie prac artystycznych z materia\u0142u ro\u015blinnego.<\/li>\n\n\n\n<li>Ogl\u0105danie film\u00f3w przyrodniczych<\/li>\n\n\n\n<li>Poznawanie praw przyrody<\/li>\n\n\n\n<li>Rozpoznawanie cz\u0119\u015bci ro\u015blin<\/li>\n\n\n\n<li>Poznawanie warto\u015bci przyrody dla cz\u0142owieka<\/li>\n\n\n\n<li>Poznawanie gatunk\u00f3w ro\u015blin-rozpoznawanie ich<\/li>\n\n\n\n<li>Opisywanie i por\u00f3wnywanie materia\u0142u przyrodniczego<\/li>\n\n\n\n<li>Kontakt z przyrod\u0105<\/li>\n<\/ul>\n","protected":false},"excerpt":{"rendered":"<p>HORTITERAPIA Program zaj\u0119\u0107 przyrodniczych z elementami hortiterapii, pt; &#8222;Pasjonaci Ogrodu&#8221;, przeznaczony jest dla uczni\u00f3w z niepe\u0142nosprawno\u015bci\u0105 intelektualn\u0105 w stopniu umiarkowanym i znacznym. Program jest zgodny z podstaw\u0105 programow\u0105 kszta\u0142cenia og\u00f3lnego uczni\u00f3w niepe\u0142nosprawnych intelektualnie w stopniu umiarkowanym i znacznym oraz z&#8230; <a href=\"https:\/\/sps19.kalisz.pl\/index.php\/terapie-pedagogiczne\/innowacje-pedagogiczne\/\" class=\"readmore\">Dowiedz si\u0119 wi\u0119cej<span class=\"screen-reader-text\">Hortiterapia<\/span><span class=\"fa fa-angle-double-right\" aria-hidden=\"true\"><\/span><\/a><\/p>\n","protected":false},"author":1,"featured_media":0,"parent":411,"menu_order":1,"comment_status":"closed","ping_status":"closed","template":"template\/full-width.php","meta":{"footnotes":""},"class_list":["post-381","page","type-page","status-publish","hentry"],"_links":{"self":[{"href":"https:\/\/sps19.kalisz.pl\/index.php\/wp-json\/wp\/v2\/pages\/381","targetHints":{"allow":["GET"]}}],"collection":[{"href":"https:\/\/sps19.kalisz.pl\/index.php\/wp-json\/wp\/v2\/pages"}],"about":[{"href":"https:\/\/sps19.kalisz.pl\/index.php\/wp-json\/wp\/v2\/types\/page"}],"author":[{"embeddable":true,"href":"https:\/\/sps19.kalisz.pl\/index.php\/wp-json\/wp\/v2\/users\/1"}],"replies":[{"embeddable":true,"href":"https:\/\/sps19.kalisz.pl\/index.php\/wp-json\/wp\/v2\/comments?post=381"}],"version-history":[{"count":14,"href":"https:\/\/sps19.kalisz.pl\/index.php\/wp-json\/wp\/v2\/pages\/381\/revisions"}],"predecessor-version":[{"id":13071,"href":"https:\/\/sps19.kalisz.pl\/index.php\/wp-json\/wp\/v2\/pages\/381\/revisions\/13071"}],"up":[{"embeddable":true,"href":"https:\/\/sps19.kalisz.pl\/index.php\/wp-json\/wp\/v2\/pages\/411"}],"wp:attachment":[{"href":"https:\/\/sps19.kalisz.pl\/index.php\/wp-json\/wp\/v2\/media?parent=381"}],"curies":[{"name":"wp","href":"https:\/\/api.w.org\/{rel}","templated":true}]}}