{"id":6114,"date":"2020-10-07T10:54:02","date_gmt":"2020-10-07T08:54:02","guid":{"rendered":"http:\/\/sps19.kalisz.pl\/?page_id=6114"},"modified":"2025-07-09T14:21:06","modified_gmt":"2025-07-09T12:21:06","slug":"zwierzaczki","status":"publish","type":"page","link":"https:\/\/sps19.kalisz.pl\/index.php\/zwierzaczki\/","title":{"rendered":"Zwierzaczki&#8230;"},"content":{"rendered":"\n<p class=\"has-text-align-center\" id=\"block-85325e68-9f43-4929-8600-0732fb3033bd\" style=\"font-size:28px\"><strong><br>?Zwierzaczki z naszej szkolnej paczki?<\/strong><\/p>\n\n\n\n<p id=\"block-3ede1ff9-598a-4f61-beb0-d55f21df9244\"><strong>Rodoterapia<\/strong> czyli <strong>terapia z wykorzystaniem gryzoni<\/strong> zainspirowa\u0142a Naszych nauczycieli do opracowania innowacji pedagogicznej pod nazw\u0105<strong>&nbsp;?Zwierzaczki z naszej szkolnej paczki?<\/strong> . Program innowacji powsta\u0142 z obserwacji \u017cycia codziennego i przemy\u015ble\u0144 zwi\u0105zanych z traktowaniem zwierz\u0105t domowych.. Ma on tak\u017ce pom\u00f3c dzieciom w prze\u0142amywaniu l\u0119ku spowodowanego kontaktem ze zwierz\u0105tkami. Innowacyjno\u015b\u0107 programu polega na wprowadzeniu nowych rozwi\u0105za\u0144 metodycznych pozwalaj\u0105cych na kszta\u0142towaniu wymienionych wy\u017cej umiej\u0119tno\u015bci i zachowa\u0144 u uczni\u00f3w. Program wykorzystuje tak\u017ce naturaln\u0105 potrzeb\u0119 ciekawo\u015bci \u015bwiata, jak\u0105 ma ka\u017cdy m\u0142ody cz\u0142owiek. W zdecydowanej wi\u0119kszo\u015bci odwo\u0142uje si\u0119 do do\u015bwiadcze\u0144 dziecka daj\u0105c &nbsp;mo\u017cliwo\u015b\u0107 bezpo\u015bredniego kontaktu ze \u015brodowiskiem.<\/p>\n\n\n\n<p id=\"block-076ca720-3bcf-46ea-983f-ce8c9c0a4fa0\">Program przeznaczony jest dla uczni\u00f3w z niepe\u0142nosprawno\u015bci\u0105 intelektualn\u0105 w stopniu umiarkowanym i znacznym. Sk\u0142ada si\u0119 z 4 cz\u0119\u015bci:<\/p>\n\n\n\n<p id=\"block-2a1f8269-4718-440e-8356-66fe5bbfd84c\">1. Spotkania z lekarzem weterynarii.<\/p>\n\n\n\n<p id=\"block-08da72ae-c06e-4466-a0a3-374cd49ed7b5\">2. Wycieczka do schroniska lub gospodarstwa<\/p>\n\n\n\n<p id=\"block-025b60de-f5a1-4b9f-9ccc-87fcfac3ca94\">3. Zbi\u00f3rka karmy i akcesori\u00f3w dla zwierz\u0105t.<\/p>\n\n\n\n<p id=\"block-e54cef56-fd16-4e95-ab2f-8fc1f2a3a700\">4. Konkurs plastyczny ?M\u00f3j przyjaciel zwierzak?.<\/p>\n\n\n\n<p id=\"block-ca2eb026-9b7f-4cb3-85b3-25d3ed804d6e\">G\u0142\u00f3wne cele innowacji to:<\/p>\n\n\n\n<p id=\"block-9ad514d5-490d-47ca-a08d-ac1c76597291\">1.&nbsp;&nbsp;&nbsp;&nbsp;&nbsp;Poszerzenie wiedzy dotycz\u0105cej uczni\u00f3w na temat \u017cycia zwierz\u0105t w skazanie w\u0142a\u015bciwych zachowa\u0144 cz\u0142owieka opartych na pomocy.<\/p>\n\n\n\n<p id=\"block-57fdd84f-25a2-4724-b6c1-4e8950594ad6\">2.&nbsp;&nbsp;&nbsp;&nbsp;&nbsp;Obni\u017cenie poziomu l\u0119ku przed kontaktem ze zwierz\u0119ciem;<\/p>\n\n\n\n<p id=\"block-b50ff561-2117-4d97-9f17-1fb42a040779\">3.&nbsp;&nbsp;&nbsp;&nbsp;&nbsp;Kszta\u0142towanie odpowiedzialno\u015bci za podejmowane decyzje.<\/p>\n\n\n\n<p id=\"block-739938e3-4f6c-4cef-8194-a358d65a7cae\">4.&nbsp;&nbsp;&nbsp;&nbsp;&nbsp;Uwra\u017cliwienie dzieci na cierpienie zwierz\u0105t.<\/p>\n\n\n\n<p id=\"block-a2e3202f-41b2-451d-8e31-5bc992441955\">5.&nbsp;&nbsp;&nbsp;&nbsp;&nbsp;Kszta\u0142towanie umiej\u0119tno\u015bci odr\u00f3\u017cniania dobra od z\u0142a.<\/p>\n\n\n\n<p id=\"block-b7335694-5e04-4daf-9169-1c5d6fbc65ed\">6.&nbsp;&nbsp;&nbsp;&nbsp;&nbsp;Wyrabianie u dzieci ch\u0119ci niesienia pomocy innym.<\/p>\n\n\n\n<p id=\"block-8753d9c6-bc56-4ccf-8667-c52c8e00e41b\"><strong>W naszej szkole pod opiek\u0105 zespo\u0142\u00f3w Edukacyjno-Terapeutycznych s\u0105 ju\u017c kr\u00f3lik Tuli\u015b ( kl.5-6 c), chomik Beza (kl.5-6 d) oraz kr\u00f3lik Lili (kl.7 b).<\/strong><\/p>\n\n\n\n<p id=\"block-9126c492-a8e6-4fcb-9adf-82344113ff40\">Autorki innowacji :<\/p>\n\n\n\n<p id=\"block-7c294bcc-979f-4ae0-af54-1eb94dc3e64c\">Magdalena J\u00f3zefiak<\/p>\n\n\n\n<p id=\"block-bf197caa-0638-4904-8b1f-795f2498f741\">Katarzyna Chrzanowska<\/p>\n\n\n\n<p id=\"block-799b3836-266d-4f91-b520-941285de0d8c\">Magdalena Dudek-Wolna<\/p>\n","protected":false},"excerpt":{"rendered":"<p>?Zwierzaczki z naszej szkolnej paczki? Rodoterapia czyli terapia z wykorzystaniem gryzoni zainspirowa\u0142a Naszych nauczycieli do opracowania innowacji pedagogicznej pod nazw\u0105&nbsp;?Zwierzaczki z naszej szkolnej paczki? . Program innowacji powsta\u0142 z obserwacji \u017cycia codziennego i przemy\u015ble\u0144 zwi\u0105zanych z traktowaniem zwierz\u0105t domowych.. Ma&#8230; <a href=\"https:\/\/sps19.kalisz.pl\/index.php\/zwierzaczki\/\" class=\"readmore\">Dowiedz si\u0119 wi\u0119cej<span class=\"screen-reader-text\">Zwierzaczki&#8230;<\/span><span class=\"fa fa-angle-double-right\" aria-hidden=\"true\"><\/span><\/a><\/p>\n","protected":false},"author":1,"featured_media":0,"parent":0,"menu_order":0,"comment_status":"closed","ping_status":"closed","template":"template\/full-width.php","meta":{"footnotes":""},"class_list":["post-6114","page","type-page","status-publish","hentry"],"_links":{"self":[{"href":"https:\/\/sps19.kalisz.pl\/index.php\/wp-json\/wp\/v2\/pages\/6114","targetHints":{"allow":["GET"]}}],"collection":[{"href":"https:\/\/sps19.kalisz.pl\/index.php\/wp-json\/wp\/v2\/pages"}],"about":[{"href":"https:\/\/sps19.kalisz.pl\/index.php\/wp-json\/wp\/v2\/types\/page"}],"author":[{"embeddable":true,"href":"https:\/\/sps19.kalisz.pl\/index.php\/wp-json\/wp\/v2\/users\/1"}],"replies":[{"embeddable":true,"href":"https:\/\/sps19.kalisz.pl\/index.php\/wp-json\/wp\/v2\/comments?post=6114"}],"version-history":[{"count":2,"href":"https:\/\/sps19.kalisz.pl\/index.php\/wp-json\/wp\/v2\/pages\/6114\/revisions"}],"predecessor-version":[{"id":12258,"href":"https:\/\/sps19.kalisz.pl\/index.php\/wp-json\/wp\/v2\/pages\/6114\/revisions\/12258"}],"wp:attachment":[{"href":"https:\/\/sps19.kalisz.pl\/index.php\/wp-json\/wp\/v2\/media?parent=6114"}],"curies":[{"name":"wp","href":"https:\/\/api.w.org\/{rel}","templated":true}]}}