{"id":619,"date":"2019-09-24T15:24:09","date_gmt":"2019-09-24T13:24:09","guid":{"rendered":"http:\/\/sps19.kalisz.pl\/?page_id=619"},"modified":"2026-01-29T09:52:53","modified_gmt":"2026-01-29T08:52:53","slug":"psycholog-szkolny","status":"publish","type":"page","link":"https:\/\/sps19.kalisz.pl\/index.php\/organizacja\/psycholog-szkolny\/","title":{"rendered":"Psycholog szkolny"},"content":{"rendered":"\n<p class=\"has-text-color has-background has-link-color has-medium-font-size wp-elements-980b37262bb8a91f04517bd5b5e36bcd\" style=\"color:#160d5b;background-color:#ebf7ff\">Marta Szyma\u0144ska<\/p>\n\n\n\n<p class=\"has-text-color has-background has-link-color has-medium-font-size wp-elements-c778a63913e2c692e7a23098a204a231\" style=\"color:#160d5b;background-color:#ebf7ff\">Konsultacje z psychologiem \u2013 Poniedzia\u0142ek 8:15-11:00<\/p>\n\n\n\n<p class=\"has-medium-font-size\"><strong> Konsultacje z psychologiem najlepiej umawia\u0107 telefonicznie <\/strong><a href=\"tel: 62&nbsp;503-25-44\">tel: 62 503-25-44&nbsp;<\/a><\/p>\n\n\n\n<p class=\"has-text-align-center has-text-color has-background has-medium-font-size\" style=\"color:#180fd3;background-color:#ebf7ff\"><strong>DZIECKO NIE JEST PROBLEMEM DO ROZWI\u0104ZANIA, DZIECKO JEST CUDEM DO ODKRYCIA&#8230;<\/strong><\/p>\n\n\n\n<p style=\"font-size:17px\">W gabinecie psychologa szkolnego ka\u017cdy ucze\u0144 mo\u017ce uzyska\u0107 wsparcie i pomoc w trudnych dla niego sytuacjach. Uczniowie mog\u0105 r\u00f3wnie\u017c odwiedzi\u0107 gabinet podczas przerwy, odpocz\u0105\u0107 w k\u0105ciku relaksu, poczyta\u0107 ksi\u0105\u017ck\u0119 czy pobawi\u0107 si\u0119 zabawkami. Uczniowie znajduj\u0105 tutaj mo\u017cliwo\u015b\u0107 uwolnienia trudnych i nieprzyjemnych dla nich emocji. Zawsze mog\u0105 liczy\u0107 na rozmow\u0119 i przyjazne traktowanie. <br> Psycholog szkolny prowadzi zaj\u0119cia psychoedukacyjne w ramach innowacji pedagogicznej wed\u0142ug autorskiego programu ?Po drugiej stronie lustra? dostosowanego do dzieci i m\u0142odzie\u017cy z lekk\u0105 niepe\u0142nosprawno\u015bci\u0105 intelektualn\u0105. Zaj\u0119cia dla ka\u017cdej klasy odbywaj\u0105 si\u0119 raz w tygodniu i maj\u0105 na celu kszta\u0142towanie kompetencji emocjonalnych i spo\u0142ecznych. Podczas spotka\u0144 uczniowie poznaj\u0105 znaczenie relacji rodzinnych, moc przyja\u017ani, ucz\u0105 si\u0119 nazywa\u0107 i wyra\u017ca\u0107 emocje, radzi\u0107 sobie ze z\u0142o\u015bci\u0105 i smutkiem, rozmawiaj\u0105 o najwa\u017cniejszych rzeczach w \u017cyciu, o szacunku i tolerancji. Wa\u017cnym tematem poruszanym podczas zaj\u0119\u0107 jest bezpiecze\u0144stwo w Internecie, zagadnienie cyberprzemocy oraz mo\u017cliwych nadu\u017cy\u0107. Rozmawiamy o warto\u015bciach, \u017cyciowych celach, szcz\u0119\u015bciu i przysz\u0142o\u015bci. Uczymy si\u0119 m\u00f3wi\u0107 sobie mi\u0142e s\u0142owa i traktowa\u0107 innych z szacunkiem. <br> Psycholog szkolny bierze tak\u017ce udzia\u0142 w interwencjach wychowawczych na terenie szko\u0142y, prowadzi mediacje, gdy pojawiaj\u0105 si\u0119 sytuacje konfliktowe mi\u0119dzy uczniami, udziela tak\u017ce konsultacji dla rodzic\u00f3w oraz wystawia opinie o uczniu na wniosek rodzica czy instytucji. <br> Psycholog szkolny jest liderem Zespo\u0142u Do Spraw Pomocy Psychologiczno-Pedagogicznej. Zesp\u00f3\u0142 ten analizuje na swoich spotkaniach trudne sytuacje wychowawcze i edukacyjne oraz uczestniczy w organizowaniu pomocy psychologiczno-pedagogicznej na terenie szko\u0142y.<\/p>\n\n\n\n<blockquote class=\"wp-block-quote has-text-align-center is-layout-flow wp-block-quote-is-layout-flow\">\n<p><strong><span class=\"has-inline-color has-vivid-green-cyan-color\"><br><\/span> <\/strong><\/p>\n<\/blockquote>\n\n\n\n<p class=\"has-text-align-center\"><\/p>\n\n\n\n<p><\/p>\n","protected":false},"excerpt":{"rendered":"<p>Marta Szyma\u0144ska Konsultacje z psychologiem \u2013 Poniedzia\u0142ek 8:15-11:00 Konsultacje z psychologiem najlepiej umawia\u0107 telefonicznie tel: 62 503-25-44&nbsp; DZIECKO NIE JEST PROBLEMEM DO ROZWI\u0104ZANIA, DZIECKO JEST CUDEM DO ODKRYCIA&#8230; W gabinecie psychologa szkolnego ka\u017cdy ucze\u0144 mo\u017ce uzyska\u0107 wsparcie i pomoc w&#8230; <a href=\"https:\/\/sps19.kalisz.pl\/index.php\/organizacja\/psycholog-szkolny\/\" class=\"readmore\">Dowiedz si\u0119 wi\u0119cej<span class=\"screen-reader-text\">Psycholog szkolny<\/span><span class=\"fa fa-angle-double-right\" aria-hidden=\"true\"><\/span><\/a><\/p>\n","protected":false},"author":1,"featured_media":0,"parent":27,"menu_order":0,"comment_status":"closed","ping_status":"closed","template":"template\/full-width.php","meta":{"footnotes":""},"class_list":["post-619","page","type-page","status-publish","hentry"],"_links":{"self":[{"href":"https:\/\/sps19.kalisz.pl\/index.php\/wp-json\/wp\/v2\/pages\/619","targetHints":{"allow":["GET"]}}],"collection":[{"href":"https:\/\/sps19.kalisz.pl\/index.php\/wp-json\/wp\/v2\/pages"}],"about":[{"href":"https:\/\/sps19.kalisz.pl\/index.php\/wp-json\/wp\/v2\/types\/page"}],"author":[{"embeddable":true,"href":"https:\/\/sps19.kalisz.pl\/index.php\/wp-json\/wp\/v2\/users\/1"}],"replies":[{"embeddable":true,"href":"https:\/\/sps19.kalisz.pl\/index.php\/wp-json\/wp\/v2\/comments?post=619"}],"version-history":[{"count":12,"href":"https:\/\/sps19.kalisz.pl\/index.php\/wp-json\/wp\/v2\/pages\/619\/revisions"}],"predecessor-version":[{"id":13069,"href":"https:\/\/sps19.kalisz.pl\/index.php\/wp-json\/wp\/v2\/pages\/619\/revisions\/13069"}],"up":[{"embeddable":true,"href":"https:\/\/sps19.kalisz.pl\/index.php\/wp-json\/wp\/v2\/pages\/27"}],"wp:attachment":[{"href":"https:\/\/sps19.kalisz.pl\/index.php\/wp-json\/wp\/v2\/media?parent=619"}],"curies":[{"name":"wp","href":"https:\/\/api.w.org\/{rel}","templated":true}]}}