{"id":7127,"date":"2021-02-01T22:04:02","date_gmt":"2021-02-01T21:04:02","guid":{"rendered":"http:\/\/sps19.kalisz.pl\/?page_id=7127"},"modified":"2021-03-07T17:07:44","modified_gmt":"2021-03-07T16:07:44","slug":"ochrona-danych-osobowych-2","status":"publish","type":"page","link":"https:\/\/sps19.kalisz.pl\/index.php\/ochrona-danych-osobowych-2\/","title":{"rendered":"Ochrona Danych Osobowych"},"content":{"rendered":"\n<p class=\"has-vivid-cyan-blue-color has-text-color\" style=\"font-size:24px\"><strong>Ustawienia prywatno\u015bci<\/strong> <strong>w serwisach spo\u0142eczno\u015bciowych<\/strong><\/p>\n\n\n\n<div class=\"wp-block-file\"><a href=\"https:\/\/sps19.kalisz.pl\/wp-content\/uploads\/2021\/03\/Porada-ustawienia-prywatnosci-cz.I-final.pdf\">Porada-ustawienia-prywatnosci-cz.I-final<\/a><a href=\"https:\/\/sps19.kalisz.pl\/wp-content\/uploads\/2021\/03\/Porada-ustawienia-prywatnosci-cz.I-final.pdf\" class=\"wp-block-file__button\" download>Pobierz<\/a><\/div>\n\n\n\n<p><\/p>\n","protected":false},"excerpt":{"rendered":"<p>Ustawienia prywatno\u015bci w serwisach spo\u0142eczno\u015bciowych<\/p>\n","protected":false},"author":1,"featured_media":0,"parent":0,"menu_order":0,"comment_status":"closed","ping_status":"closed","template":"page-templates\/full-width.php","meta":{"footnotes":""},"class_list":["post-7127","page","type-page","status-publish","hentry"],"_links":{"self":[{"href":"https:\/\/sps19.kalisz.pl\/index.php\/wp-json\/wp\/v2\/pages\/7127","targetHints":{"allow":["GET"]}}],"collection":[{"href":"https:\/\/sps19.kalisz.pl\/index.php\/wp-json\/wp\/v2\/pages"}],"about":[{"href":"https:\/\/sps19.kalisz.pl\/index.php\/wp-json\/wp\/v2\/types\/page"}],"author":[{"embeddable":true,"href":"https:\/\/sps19.kalisz.pl\/index.php\/wp-json\/wp\/v2\/users\/1"}],"replies":[{"embeddable":true,"href":"https:\/\/sps19.kalisz.pl\/index.php\/wp-json\/wp\/v2\/comments?post=7127"}],"version-history":[{"count":3,"href":"https:\/\/sps19.kalisz.pl\/index.php\/wp-json\/wp\/v2\/pages\/7127\/revisions"}],"predecessor-version":[{"id":7615,"href":"https:\/\/sps19.kalisz.pl\/index.php\/wp-json\/wp\/v2\/pages\/7127\/revisions\/7615"}],"wp:attachment":[{"href":"https:\/\/sps19.kalisz.pl\/index.php\/wp-json\/wp\/v2\/media?parent=7127"}],"curies":[{"name":"wp","href":"https:\/\/api.w.org\/{rel}","templated":true}]}}