{"id":7454,"date":"2021-02-25T22:40:25","date_gmt":"2021-02-25T21:40:25","guid":{"rendered":"http:\/\/sps19.kalisz.pl\/?page_id=7454"},"modified":"2021-02-25T22:41:50","modified_gmt":"2021-02-25T21:41:50","slug":"sala-doswiadczania-swiata-2","status":"publish","type":"page","link":"https:\/\/sps19.kalisz.pl\/index.php\/projekty\/sala-doswiadczania-swiata-2\/","title":{"rendered":"Sala Do\u015bwiadczania \u015awiata"},"content":{"rendered":"\n<p>Darowizna Telewizji Polskiej w ramach akcji <strong>?Reklama Dzieciom? <\/strong>to baza powstania w Naszej Szkole <strong>?Sali Do\u015bwiadczania \u015awiata?<\/strong> . Dzi\u0119ki przekazanej Nam darowi\u017anie w kwocie 20.000 z\u0142 &nbsp;uda\u0142o si\u0119 stworzy\u0107 i profesjonalnie wyposa\u017cy\u0107 pomieszczenie. Dzi\u0119ki takiemu wsparciu mamy bogate zaplecze dydaktyczne i sprz\u0119towe, kt\u00f3re stanowi\u0105: kolumna \u015bwietlna , kolumna wodna, tunel niesko\u0144czono\u015bci, pod\u015bwietlany st\u00f3\u0142, projektory przestrzenne, kula lustrzana i tablice manipulacyjne, panele interaktywne, klepsydry i pojemniki z kolorowym \u017celem, pryzmaty, lampy o r\u00f3\u017cnych kszta\u0142tach i kolorach, lustra tradycyjne i zniekszta\u0142caj\u0105ce obraz, gry muzyczno-\u015bwietlne, ale te\u017c materace i pomoce dydaktyczne. W Sali Do\u015bwiadczania \u015awiata odbywaj\u0105 si\u0119 zaj\u0119cia polisensoryczne i rewalidacyjno-wychowawcze dla dzieci z niepe\u0142nosprawno\u015bci\u0105 intelektualn\u0105 w stopniu g\u0142\u0119bokim, ale z SD\u015a korzysta\u0107 mog\u0105 wszyscy Uczniowie i pracownicy ? to wspania\u0142e miejsce r\u00f3wnie\u017c do relaksacji J<\/p>\n","protected":false},"excerpt":{"rendered":"<p>Darowizna Telewizji Polskiej w ramach akcji ?Reklama Dzieciom? to baza powstania w Naszej Szkole ?Sali Do\u015bwiadczania \u015awiata? . Dzi\u0119ki przekazanej Nam darowi\u017anie w kwocie 20.000 z\u0142 &nbsp;uda\u0142o si\u0119 stworzy\u0107 i profesjonalnie wyposa\u017cy\u0107 pomieszczenie. Dzi\u0119ki takiemu wsparciu mamy bogate zaplecze dydaktyczne&#8230; <a href=\"https:\/\/sps19.kalisz.pl\/index.php\/projekty\/sala-doswiadczania-swiata-2\/\" class=\"readmore\">Dowiedz si\u0119 wi\u0119cej<span class=\"screen-reader-text\">Sala Do\u015bwiadczania \u015awiata<\/span><span class=\"fa fa-angle-double-right\" aria-hidden=\"true\"><\/span><\/a><\/p>\n","protected":false},"author":2,"featured_media":0,"parent":28,"menu_order":1,"comment_status":"closed","ping_status":"closed","template":"","meta":{"footnotes":""},"class_list":["post-7454","page","type-page","status-publish","hentry"],"_links":{"self":[{"href":"https:\/\/sps19.kalisz.pl\/index.php\/wp-json\/wp\/v2\/pages\/7454","targetHints":{"allow":["GET"]}}],"collection":[{"href":"https:\/\/sps19.kalisz.pl\/index.php\/wp-json\/wp\/v2\/pages"}],"about":[{"href":"https:\/\/sps19.kalisz.pl\/index.php\/wp-json\/wp\/v2\/types\/page"}],"author":[{"embeddable":true,"href":"https:\/\/sps19.kalisz.pl\/index.php\/wp-json\/wp\/v2\/users\/2"}],"replies":[{"embeddable":true,"href":"https:\/\/sps19.kalisz.pl\/index.php\/wp-json\/wp\/v2\/comments?post=7454"}],"version-history":[{"count":2,"href":"https:\/\/sps19.kalisz.pl\/index.php\/wp-json\/wp\/v2\/pages\/7454\/revisions"}],"predecessor-version":[{"id":7456,"href":"https:\/\/sps19.kalisz.pl\/index.php\/wp-json\/wp\/v2\/pages\/7454\/revisions\/7456"}],"up":[{"embeddable":true,"href":"https:\/\/sps19.kalisz.pl\/index.php\/wp-json\/wp\/v2\/pages\/28"}],"wp:attachment":[{"href":"https:\/\/sps19.kalisz.pl\/index.php\/wp-json\/wp\/v2\/media?parent=7454"}],"curies":[{"name":"wp","href":"https:\/\/api.w.org\/{rel}","templated":true}]}}