{"id":7482,"date":"2021-02-26T08:55:06","date_gmt":"2021-02-26T07:55:06","guid":{"rendered":"http:\/\/sps19.kalisz.pl\/?page_id=7482"},"modified":"2026-01-28T10:18:19","modified_gmt":"2026-01-28T09:18:19","slug":"sala-doswiadczania-swiata-2","status":"publish","type":"page","link":"https:\/\/sps19.kalisz.pl\/index.php\/sala-doswiadczania-swiata-2\/","title":{"rendered":"Sala Do\u015bwiadczania \u015awiata"},"content":{"rendered":"\n<p style=\"font-size:18px\">Darowizna Telewizji Polskiej w ramach akcji\u00a0<strong>&#8222;Reklama Dzieciom&#8221;\u00a0<\/strong>to baza powstania w Naszej Szkole\u00a0<strong>&#8222;Sali Do\u015bwiadczania \u015awiata<\/strong>&#8222;. Dzi\u0119ki przekazanej Nam darowi\u017anie w kwocie 20.000 z\u0142 \u00a0uda\u0142o si\u0119 stworzy\u0107 i profesjonalnie wyposa\u017cy\u0107 pomieszczenie. Dzi\u0119ki takiemu wsparciu mamy bogate zaplecze dydaktyczne i sprz\u0119towe, kt\u00f3re stanowi\u0105: kolumna \u015bwietlna , kolumna wodna, tunel niesko\u0144czono\u015bci, pod\u015bwietlany st\u00f3\u0142, projektory przestrzenne, kula lustrzana i tablice manipulacyjne, panele interaktywne, klepsydry i pojemniki z kolorowym \u017celem, pryzmaty, lampy o r\u00f3\u017cnych kszta\u0142tach i kolorach, lustra tradycyjne i zniekszta\u0142caj\u0105ce obraz, gry muzyczno-\u015bwietlne, ale te\u017c materace i pomoce dydaktyczne. W Sali Do\u015bwiadczania \u015awiata odbywaj\u0105 si\u0119 zaj\u0119cia polisensoryczne i rewalidacyjno-wychowawcze dla dzieci z niepe\u0142nosprawno\u015bci\u0105 intelektualn\u0105 w stopniu g\u0142\u0119bokim, ale z SD\u015a korzysta\u0107 mog\u0105 wszyscy Uczniowie i pracownicy ? to wspania\u0142e miejsce r\u00f3wnie\u017c do relaksacji\u00a0<\/p>\n\n\n\n<figure class=\"wp-block-gallery has-nested-images columns-default is-cropped wp-block-gallery-1 is-layout-flex wp-block-gallery-is-layout-flex\">\n<figure class=\"wp-block-image size-large\"><img fetchpriority=\"high\" decoding=\"async\" width=\"1024\" height=\"768\" data-id=\"7489\" src=\"https:\/\/sps19.kalisz.pl\/wp-content\/uploads\/2021\/02\/1-1-1024x768.jpg\" alt=\"\" class=\"wp-image-7489\" srcset=\"https:\/\/sps19.kalisz.pl\/wp-content\/uploads\/2021\/02\/1-1-1024x768.jpg 1024w, https:\/\/sps19.kalisz.pl\/wp-content\/uploads\/2021\/02\/1-1-300x225.jpg 300w, https:\/\/sps19.kalisz.pl\/wp-content\/uploads\/2021\/02\/1-1-768x576.jpg 768w, https:\/\/sps19.kalisz.pl\/wp-content\/uploads\/2021\/02\/1-1-660x495.jpg 660w, https:\/\/sps19.kalisz.pl\/wp-content\/uploads\/2021\/02\/1-1.jpg 1500w\" sizes=\"(max-width: 1024px) 100vw, 1024px\" \/><\/figure>\n\n\n\n<figure class=\"wp-block-image size-large\"><img decoding=\"async\" width=\"1024\" height=\"768\" data-id=\"7490\" src=\"https:\/\/sps19.kalisz.pl\/wp-content\/uploads\/2021\/02\/2-1-1024x768.jpg\" alt=\"\" class=\"wp-image-7490\" srcset=\"https:\/\/sps19.kalisz.pl\/wp-content\/uploads\/2021\/02\/2-1-1024x768.jpg 1024w, https:\/\/sps19.kalisz.pl\/wp-content\/uploads\/2021\/02\/2-1-300x225.jpg 300w, https:\/\/sps19.kalisz.pl\/wp-content\/uploads\/2021\/02\/2-1-768x576.jpg 768w, https:\/\/sps19.kalisz.pl\/wp-content\/uploads\/2021\/02\/2-1-660x495.jpg 660w, https:\/\/sps19.kalisz.pl\/wp-content\/uploads\/2021\/02\/2-1.jpg 1500w\" sizes=\"(max-width: 1024px) 100vw, 1024px\" \/><\/figure>\n<\/figure>\n\n\n\n<figure class=\"wp-block-gallery has-nested-images columns-default is-cropped wp-block-gallery-2 is-layout-flex wp-block-gallery-is-layout-flex\">\n<figure class=\"wp-block-image size-large\"><img decoding=\"async\" width=\"1024\" height=\"768\" data-id=\"7488\" src=\"https:\/\/sps19.kalisz.pl\/wp-content\/uploads\/2021\/02\/3-1-1024x768.jpg\" alt=\"\" class=\"wp-image-7488\" srcset=\"https:\/\/sps19.kalisz.pl\/wp-content\/uploads\/2021\/02\/3-1-1024x768.jpg 1024w, https:\/\/sps19.kalisz.pl\/wp-content\/uploads\/2021\/02\/3-1-300x225.jpg 300w, https:\/\/sps19.kalisz.pl\/wp-content\/uploads\/2021\/02\/3-1-768x576.jpg 768w, https:\/\/sps19.kalisz.pl\/wp-content\/uploads\/2021\/02\/3-1-660x495.jpg 660w, https:\/\/sps19.kalisz.pl\/wp-content\/uploads\/2021\/02\/3-1.jpg 1500w\" sizes=\"(max-width: 1024px) 100vw, 1024px\" \/><\/figure>\n\n\n\n<figure class=\"wp-block-image size-large\"><img loading=\"lazy\" decoding=\"async\" width=\"1024\" height=\"768\" data-id=\"7487\" src=\"https:\/\/sps19.kalisz.pl\/wp-content\/uploads\/2021\/02\/4-1-1024x768.jpg\" alt=\"\" class=\"wp-image-7487\" srcset=\"https:\/\/sps19.kalisz.pl\/wp-content\/uploads\/2021\/02\/4-1-1024x768.jpg 1024w, https:\/\/sps19.kalisz.pl\/wp-content\/uploads\/2021\/02\/4-1-300x225.jpg 300w, https:\/\/sps19.kalisz.pl\/wp-content\/uploads\/2021\/02\/4-1-768x576.jpg 768w, https:\/\/sps19.kalisz.pl\/wp-content\/uploads\/2021\/02\/4-1-660x495.jpg 660w, https:\/\/sps19.kalisz.pl\/wp-content\/uploads\/2021\/02\/4-1.jpg 1500w\" sizes=\"(max-width: 1024px) 100vw, 1024px\" \/><\/figure>\n\n\n\n<figure class=\"wp-block-image size-large\"><img loading=\"lazy\" decoding=\"async\" width=\"769\" height=\"1024\" data-id=\"7485\" src=\"https:\/\/sps19.kalisz.pl\/wp-content\/uploads\/2021\/02\/6-1-769x1024.jpg\" alt=\"\" class=\"wp-image-7485\" srcset=\"https:\/\/sps19.kalisz.pl\/wp-content\/uploads\/2021\/02\/6-1-769x1024.jpg 769w, https:\/\/sps19.kalisz.pl\/wp-content\/uploads\/2021\/02\/6-1-225x300.jpg 225w, https:\/\/sps19.kalisz.pl\/wp-content\/uploads\/2021\/02\/6-1-768x1023.jpg 768w, https:\/\/sps19.kalisz.pl\/wp-content\/uploads\/2021\/02\/6-1-1154x1536.jpg 1154w, https:\/\/sps19.kalisz.pl\/wp-content\/uploads\/2021\/02\/6-1-660x879.jpg 660w, https:\/\/sps19.kalisz.pl\/wp-content\/uploads\/2021\/02\/6-1.jpg 1538w\" sizes=\"(max-width: 769px) 100vw, 769px\" \/><\/figure>\n\n\n\n<figure class=\"wp-block-image size-large\"><img loading=\"lazy\" decoding=\"async\" width=\"1024\" height=\"768\" data-id=\"7486\" src=\"https:\/\/sps19.kalisz.pl\/wp-content\/uploads\/2021\/02\/5-1-1024x768.jpg\" alt=\"\" class=\"wp-image-7486\" srcset=\"https:\/\/sps19.kalisz.pl\/wp-content\/uploads\/2021\/02\/5-1-1024x768.jpg 1024w, https:\/\/sps19.kalisz.pl\/wp-content\/uploads\/2021\/02\/5-1-300x225.jpg 300w, https:\/\/sps19.kalisz.pl\/wp-content\/uploads\/2021\/02\/5-1-768x576.jpg 768w, https:\/\/sps19.kalisz.pl\/wp-content\/uploads\/2021\/02\/5-1-660x495.jpg 660w, https:\/\/sps19.kalisz.pl\/wp-content\/uploads\/2021\/02\/5-1.jpg 1500w\" sizes=\"(max-width: 1024px) 100vw, 1024px\" \/><\/figure>\n\n\n\n<figure class=\"wp-block-image size-large\"><img loading=\"lazy\" decoding=\"async\" width=\"1024\" height=\"769\" data-id=\"7484\" src=\"https:\/\/sps19.kalisz.pl\/wp-content\/uploads\/2021\/02\/7-3-1024x769.jpg\" alt=\"\" class=\"wp-image-7484\" srcset=\"https:\/\/sps19.kalisz.pl\/wp-content\/uploads\/2021\/02\/7-3-1024x769.jpg 1024w, https:\/\/sps19.kalisz.pl\/wp-content\/uploads\/2021\/02\/7-3-300x225.jpg 300w, https:\/\/sps19.kalisz.pl\/wp-content\/uploads\/2021\/02\/7-3-768x577.jpg 768w, https:\/\/sps19.kalisz.pl\/wp-content\/uploads\/2021\/02\/7-3-1536x1154.jpg 1536w, https:\/\/sps19.kalisz.pl\/wp-content\/uploads\/2021\/02\/7-3-660x496.jpg 660w, https:\/\/sps19.kalisz.pl\/wp-content\/uploads\/2021\/02\/7-3.jpg 2048w\" sizes=\"(max-width: 1024px) 100vw, 1024px\" \/><\/figure>\n\n\n\n<figure class=\"wp-block-image size-large\"><img decoding=\"async\" data-id=\"7483\" src=\"https:\/\/sps19.kalisz.pl\/wp-content\/uploads\/2021\/02\/8-1-1024x769.jpg\" alt=\"\" class=\"wp-image-7483\"\/><\/figure>\n<\/figure>\n\n\n\n<figure class=\"wp-block-gallery has-nested-images columns-default is-cropped wp-block-gallery-3 is-layout-flex wp-block-gallery-is-layout-flex\">\n<figure class=\"wp-block-image size-large\"><img loading=\"lazy\" decoding=\"async\" width=\"960\" height=\"720\" data-id=\"7495\" src=\"https:\/\/sps19.kalisz.pl\/wp-content\/uploads\/2021\/02\/a.jpg\" alt=\"\" class=\"wp-image-7495\" srcset=\"https:\/\/sps19.kalisz.pl\/wp-content\/uploads\/2021\/02\/a.jpg 960w, https:\/\/sps19.kalisz.pl\/wp-content\/uploads\/2021\/02\/a-300x225.jpg 300w, https:\/\/sps19.kalisz.pl\/wp-content\/uploads\/2021\/02\/a-768x576.jpg 768w, https:\/\/sps19.kalisz.pl\/wp-content\/uploads\/2021\/02\/a-660x495.jpg 660w\" sizes=\"(max-width: 960px) 100vw, 960px\" \/><\/figure>\n\n\n\n<figure class=\"wp-block-image size-large\"><img loading=\"lazy\" decoding=\"async\" width=\"960\" height=\"720\" data-id=\"7496\" src=\"https:\/\/sps19.kalisz.pl\/wp-content\/uploads\/2021\/02\/b.jpg\" alt=\"\" class=\"wp-image-7496\" srcset=\"https:\/\/sps19.kalisz.pl\/wp-content\/uploads\/2021\/02\/b.jpg 960w, https:\/\/sps19.kalisz.pl\/wp-content\/uploads\/2021\/02\/b-300x225.jpg 300w, https:\/\/sps19.kalisz.pl\/wp-content\/uploads\/2021\/02\/b-768x576.jpg 768w, https:\/\/sps19.kalisz.pl\/wp-content\/uploads\/2021\/02\/b-660x495.jpg 660w\" sizes=\"(max-width: 960px) 100vw, 960px\" \/><\/figure>\n\n\n\n<figure class=\"wp-block-image size-large\"><img loading=\"lazy\" decoding=\"async\" width=\"960\" height=\"720\" data-id=\"7497\" src=\"https:\/\/sps19.kalisz.pl\/wp-content\/uploads\/2021\/02\/c.jpg\" alt=\"\" class=\"wp-image-7497\" srcset=\"https:\/\/sps19.kalisz.pl\/wp-content\/uploads\/2021\/02\/c.jpg 960w, https:\/\/sps19.kalisz.pl\/wp-content\/uploads\/2021\/02\/c-300x225.jpg 300w, https:\/\/sps19.kalisz.pl\/wp-content\/uploads\/2021\/02\/c-768x576.jpg 768w, https:\/\/sps19.kalisz.pl\/wp-content\/uploads\/2021\/02\/c-660x495.jpg 660w\" sizes=\"(max-width: 960px) 100vw, 960px\" \/><\/figure>\n\n\n\n<figure class=\"wp-block-image size-large\"><img loading=\"lazy\" decoding=\"async\" width=\"960\" height=\"720\" data-id=\"7498\" src=\"https:\/\/sps19.kalisz.pl\/wp-content\/uploads\/2021\/02\/d.jpg\" alt=\"\" class=\"wp-image-7498\" srcset=\"https:\/\/sps19.kalisz.pl\/wp-content\/uploads\/2021\/02\/d.jpg 960w, https:\/\/sps19.kalisz.pl\/wp-content\/uploads\/2021\/02\/d-300x225.jpg 300w, https:\/\/sps19.kalisz.pl\/wp-content\/uploads\/2021\/02\/d-768x576.jpg 768w, https:\/\/sps19.kalisz.pl\/wp-content\/uploads\/2021\/02\/d-660x495.jpg 660w\" sizes=\"(max-width: 960px) 100vw, 960px\" \/><\/figure>\n<\/figure>\n","protected":false},"excerpt":{"rendered":"<p>Darowizna Telewizji Polskiej w ramach akcji\u00a0&#8222;Reklama Dzieciom&#8221;\u00a0to baza powstania w Naszej Szkole\u00a0&#8222;Sali Do\u015bwiadczania \u015awiata&#8222;. Dzi\u0119ki przekazanej Nam darowi\u017anie w kwocie 20.000 z\u0142 \u00a0uda\u0142o si\u0119 stworzy\u0107 i profesjonalnie wyposa\u017cy\u0107 pomieszczenie. Dzi\u0119ki takiemu wsparciu mamy bogate zaplecze dydaktyczne i sprz\u0119towe, kt\u00f3re stanowi\u0105:&#8230; <a href=\"https:\/\/sps19.kalisz.pl\/index.php\/sala-doswiadczania-swiata-2\/\" class=\"readmore\">Dowiedz si\u0119 wi\u0119cej<span class=\"screen-reader-text\">Sala Do\u015bwiadczania \u015awiata<\/span><span class=\"fa fa-angle-double-right\" aria-hidden=\"true\"><\/span><\/a><\/p>\n","protected":false},"author":1,"featured_media":0,"parent":0,"menu_order":0,"comment_status":"closed","ping_status":"closed","template":"template\/full-width.php","meta":{"footnotes":""},"class_list":["post-7482","page","type-page","status-publish","hentry"],"_links":{"self":[{"href":"https:\/\/sps19.kalisz.pl\/index.php\/wp-json\/wp\/v2\/pages\/7482","targetHints":{"allow":["GET"]}}],"collection":[{"href":"https:\/\/sps19.kalisz.pl\/index.php\/wp-json\/wp\/v2\/pages"}],"about":[{"href":"https:\/\/sps19.kalisz.pl\/index.php\/wp-json\/wp\/v2\/types\/page"}],"author":[{"embeddable":true,"href":"https:\/\/sps19.kalisz.pl\/index.php\/wp-json\/wp\/v2\/users\/1"}],"replies":[{"embeddable":true,"href":"https:\/\/sps19.kalisz.pl\/index.php\/wp-json\/wp\/v2\/comments?post=7482"}],"version-history":[{"count":7,"href":"https:\/\/sps19.kalisz.pl\/index.php\/wp-json\/wp\/v2\/pages\/7482\/revisions"}],"predecessor-version":[{"id":13043,"href":"https:\/\/sps19.kalisz.pl\/index.php\/wp-json\/wp\/v2\/pages\/7482\/revisions\/13043"}],"wp:attachment":[{"href":"https:\/\/sps19.kalisz.pl\/index.php\/wp-json\/wp\/v2\/media?parent=7482"}],"curies":[{"name":"wp","href":"https:\/\/api.w.org\/{rel}","templated":true}]}}