{"id":808,"date":"2019-10-15T13:15:28","date_gmt":"2019-10-15T11:15:28","guid":{"rendered":"http:\/\/sps19.kalisz.pl\/?page_id=808"},"modified":"2020-06-05T11:42:55","modified_gmt":"2020-06-05T09:42:55","slug":"twoje-dane-twoja-sprawa","status":"publish","type":"page","link":"https:\/\/sps19.kalisz.pl\/index.php\/twoje-dane-twoja-sprawa\/","title":{"rendered":"Twoje dane &#8211; Twoja sprawa"},"content":{"rendered":"\n<p style=\"font-size:18px\"><strong> Informacje podstawowe<\/strong><\/p>\n\n\n\n<p>\nDzia\u0142ania\nedukacyjne i&nbsp;podnoszenie \u015bwiadomo\u015bci spo\u0142ecznej s\u0105 bardzo\nwa\u017cn\u0105 cz\u0119\u015bci\u0105 dzia\u0142alno\u015bci Urz\u0119du Ochrony Danych Osobowych.\nRozporz\u0105dzenie o&nbsp;ochronie danych k\u0142adzie szczeg\u00f3lny nacisk na\nochron\u0119 prywatno\u015bci i&nbsp;danych osobowych dzieci we wszystkich\nkrajach Unii Europejskiej. Wsparciem dla tego zadania jest\nz&nbsp;powodzeniem realizowany na terenie ca\u0142ego kraju Og\u00f3lnopolski\nProgram Edukacyjny&nbsp;<em>?Twoje\ndane ? twoja sprawa. Skuteczna ochrona danych osobowych. Inicjatywa\nedukacyjna skierowana do uczni\u00f3w i&nbsp;nauczycieli?.<\/em>&nbsp;Program\nrealizowany jest od roku 2009 pod honorowym patronatem Rzecznika Praw\nDziecka oraz Ministra Edukacji Narodowej w&nbsp;celu podniesienia\nkompetencji nauczycieli oraz kszta\u0142towania \u015bwiadomych\ni&nbsp;odpowiedzialnych postaw w\u015br\u00f3d uczni\u00f3w. Partnerem\nwspieraj\u0105cym program jest O\u015brodek Edukacji Informatycznej\ni&nbsp;Zastosowa\u0144 Komputer\u00f3w w&nbsp;Warszawie.<\/p>\n\n\n\n<p>Program ?Twoje dane ? twoja sprawa?? kierowany jest do tych, kt\u00f3rzy uwa\u017caj\u0105, \u017ce odpowiednia wiedza i\u00a0kszta\u0142towanie nawyk\u00f3w w\u00a0obszarze ochrony prywatno\u015bci i\u00a0danych osobowych umo\u017cliwi dzieciom i\u00a0m\u0142odzie\u017cy odpowiedzialne i\u00a0bezpieczne funkcjonowanie we wsp\u00f3\u0142czesnym \u015bwiecie.<\/p>\n\n\n\n<div class=\"wp-block-image\"><figure class=\"aligncenter size-large\"><img fetchpriority=\"high\" decoding=\"async\" width=\"730\" height=\"1024\" src=\"https:\/\/sps19.kalisz.pl\/wp-content\/uploads\/2020\/06\/tdtw-730x1024.jpg\" alt=\"\" class=\"wp-image-5482\" srcset=\"https:\/\/sps19.kalisz.pl\/wp-content\/uploads\/2020\/06\/tdtw-730x1024.jpg 730w, https:\/\/sps19.kalisz.pl\/wp-content\/uploads\/2020\/06\/tdtw-214x300.jpg 214w, https:\/\/sps19.kalisz.pl\/wp-content\/uploads\/2020\/06\/tdtw-768x1077.jpg 768w, https:\/\/sps19.kalisz.pl\/wp-content\/uploads\/2020\/06\/tdtw-660x925.jpg 660w, https:\/\/sps19.kalisz.pl\/wp-content\/uploads\/2020\/06\/tdtw.jpg 913w\" sizes=\"(max-width: 730px) 100vw, 730px\" \/><\/figure><\/div>\n","protected":false},"excerpt":{"rendered":"<p>Informacje podstawowe Dzia\u0142ania edukacyjne i&nbsp;podnoszenie \u015bwiadomo\u015bci spo\u0142ecznej s\u0105 bardzo wa\u017cn\u0105 cz\u0119\u015bci\u0105 dzia\u0142alno\u015bci Urz\u0119du Ochrony Danych Osobowych. Rozporz\u0105dzenie o&nbsp;ochronie danych k\u0142adzie szczeg\u00f3lny nacisk na ochron\u0119 prywatno\u015bci i&nbsp;danych osobowych dzieci we wszystkich krajach Unii Europejskiej. Wsparciem dla tego zadania jest z&nbsp;powodzeniem realizowany&#8230; <a href=\"https:\/\/sps19.kalisz.pl\/index.php\/twoje-dane-twoja-sprawa\/\" class=\"readmore\">Dowiedz si\u0119 wi\u0119cej<span class=\"screen-reader-text\">Twoje dane &#8211; Twoja sprawa<\/span><span class=\"fa fa-angle-double-right\" aria-hidden=\"true\"><\/span><\/a><\/p>\n","protected":false},"author":1,"featured_media":0,"parent":0,"menu_order":0,"comment_status":"closed","ping_status":"closed","template":"page-templates\/full-width.php","meta":{"footnotes":""},"class_list":["post-808","page","type-page","status-publish","hentry"],"_links":{"self":[{"href":"https:\/\/sps19.kalisz.pl\/index.php\/wp-json\/wp\/v2\/pages\/808","targetHints":{"allow":["GET"]}}],"collection":[{"href":"https:\/\/sps19.kalisz.pl\/index.php\/wp-json\/wp\/v2\/pages"}],"about":[{"href":"https:\/\/sps19.kalisz.pl\/index.php\/wp-json\/wp\/v2\/types\/page"}],"author":[{"embeddable":true,"href":"https:\/\/sps19.kalisz.pl\/index.php\/wp-json\/wp\/v2\/users\/1"}],"replies":[{"embeddable":true,"href":"https:\/\/sps19.kalisz.pl\/index.php\/wp-json\/wp\/v2\/comments?post=808"}],"version-history":[{"count":2,"href":"https:\/\/sps19.kalisz.pl\/index.php\/wp-json\/wp\/v2\/pages\/808\/revisions"}],"predecessor-version":[{"id":5483,"href":"https:\/\/sps19.kalisz.pl\/index.php\/wp-json\/wp\/v2\/pages\/808\/revisions\/5483"}],"wp:attachment":[{"href":"https:\/\/sps19.kalisz.pl\/index.php\/wp-json\/wp\/v2\/media?parent=808"}],"curies":[{"name":"wp","href":"https:\/\/api.w.org\/{rel}","templated":true}]}}