{"id":8454,"date":"2021-09-24T09:00:51","date_gmt":"2021-09-24T07:00:51","guid":{"rendered":"http:\/\/sps19.kalisz.pl\/?page_id=8454"},"modified":"2026-02-10T15:25:12","modified_gmt":"2026-02-10T14:25:12","slug":"szkolne-kolo-sportowe-zajecia-ruchowe-w-wodzie","status":"publish","type":"page","link":"https:\/\/sps19.kalisz.pl\/index.php\/szkolne-kolo-sportowe-zajecia-ruchowe-w-wodzie\/","title":{"rendered":"Szkolne ko\u0142a sportowe"},"content":{"rendered":"<div class=\"wp-block-image\">\n<figure class=\"aligncenter size-large\"><img fetchpriority=\"high\" decoding=\"async\" width=\"1024\" height=\"544\" src=\"https:\/\/sps19.kalisz.pl\/wp-content\/uploads\/2026\/02\/kolo-sportowe-1536x857-1-1024x544.png\" alt=\"\" class=\"wp-image-13178\" srcset=\"https:\/\/sps19.kalisz.pl\/wp-content\/uploads\/2026\/02\/kolo-sportowe-1536x857-1-1024x544.png 1024w, https:\/\/sps19.kalisz.pl\/wp-content\/uploads\/2026\/02\/kolo-sportowe-1536x857-1-300x159.png 300w, https:\/\/sps19.kalisz.pl\/wp-content\/uploads\/2026\/02\/kolo-sportowe-1536x857-1-768x408.png 768w, https:\/\/sps19.kalisz.pl\/wp-content\/uploads\/2026\/02\/kolo-sportowe-1536x857-1.png 1536w\" sizes=\"(max-width: 1024px) 100vw, 1024px\" \/><\/figure>\n<\/div>\n\n\n<p class=\"has-medium-font-size\">Aktywno\u015b\u0107 fizyczna odgrywa kluczow\u0105 rol\u0119 w prawid\u0142owym rozwoju dzieci i m\u0142odzie\u017cy. Regularny ruch wp\u0142ywa nie tylko na sprawno\u015b\u0107 fizyczn\u0105, ale tak\u017ce na zdrowie psychiczne, koncentracj\u0119, odporno\u015b\u0107 oraz samopoczucie uczni\u00f3w. Aktywne formy sp\u0119dzania czasu sprzyjaj\u0105 kszta\u0142towaniu prawid\u0142owej postawy cia\u0142a, rozwijaj\u0105 koordynacj\u0119 ruchow\u0105, ucz\u0105 wsp\u00f3\u0142pracy oraz wzmacniaj\u0105 poczucie w\u0142asnej warto\u015bci.<\/p>\n\n\n\n<p class=\"has-medium-font-size\">R\u00f3wnie istotne jest kszta\u0142towanie u dzieci nawyk\u00f3w dbania o zdrowie oraz bezpiecze\u0144stwo \u2013 zar\u00f3wno podczas aktywno\u015bci sportowej, jak i w codziennym funkcjonowaniu, w tym w ruchu drogowym. Wczesna edukacja w tym zakresie pomaga budowa\u0107 odpowiedzialne i \u015bwiadome postawy na przysz\u0142o\u015b\u0107.<\/p>\n\n\n\n<p class=\"has-medium-font-size\">Wychodz\u0105c naprzeciw tym potrzebom, szko\u0142a oferuje dodatkowe zaj\u0119cia- szkolne ko\u0142a sportowe, kt\u00f3re stanowi\u0105 atrakcyjne uzupe\u0142nienie zaj\u0119\u0107 edukacyjnych i umo\u017cliwiaj\u0105 uczniom aktywne sp\u0119dzanie czasu.<\/p>\n\n\n\n<p class=\"has-medium-font-size\">W ramach zaj\u0119\u0107 realizowane jest:<\/p>\n\n\n\n<ul class=\"wp-block-list\">\n<li class=\"has-medium-font-size\">ko\u0142o p\u0142ywackie \u2013 podnosz\u0105ce poziom sprawno\u015bci fizycznej, a w szczeg\u00f3lno\u015bci oswojenie z \u015brodowiskiem wodnym, przezwyci\u0119\u017cenie l\u0119ku, jak r\u00f3wnie\u017c zdobycie podstawowych umiej\u0119tno\u015bci w p\u0142ywaniu,<\/li>\n\n\n\n<li class=\"has-medium-font-size\">ko\u0142o taneczne \u2013 rozwijaj\u0105ce koordynacj\u0119, poczucie rytmu, ekspresj\u0119 ruchow\u0105 i kondycj\u0119,<\/li>\n\n\n\n<li class=\"has-medium-font-size\">ko\u0142o z zakresu Bezpiecze\u0144stwa w Ruchu Drogowym \u2013 przygotowuj\u0105ce uczni\u00f3w do bezpiecznego i odpowiedzialnego poruszania si\u0119 jako piesi i rowerzy\u015bci.<\/li>\n<\/ul>\n\n\n\n<p class=\"has-medium-font-size\">Zaj\u0119cia prowadzone s\u0105 w przyjaznej atmosferze, z uwzgl\u0119dnieniem mo\u017cliwo\u015bci i potrzeb uczni\u00f3w, promuj\u0105c zdrowy styl \u017cycia oraz aktywno\u015b\u0107 fizyczn\u0105 jako wa\u017cny element codzienno\u015bci.<\/p>\n\n\n\n<p class=\"has-medium-font-size\">Prowadz\u0105cy: Marta Szymanowska i Hubert Piasecki<\/p>\n","protected":false},"excerpt":{"rendered":"<p>Aktywno\u015b\u0107 fizyczna odgrywa kluczow\u0105 rol\u0119 w prawid\u0142owym rozwoju dzieci i m\u0142odzie\u017cy. Regularny ruch wp\u0142ywa nie tylko na sprawno\u015b\u0107 fizyczn\u0105, ale tak\u017ce na zdrowie psychiczne, koncentracj\u0119, odporno\u015b\u0107 oraz samopoczucie uczni\u00f3w. Aktywne formy sp\u0119dzania czasu sprzyjaj\u0105 kszta\u0142towaniu prawid\u0142owej postawy cia\u0142a, rozwijaj\u0105 koordynacj\u0119&#8230; <a href=\"https:\/\/sps19.kalisz.pl\/index.php\/szkolne-kolo-sportowe-zajecia-ruchowe-w-wodzie\/\" class=\"readmore\">Dowiedz si\u0119 wi\u0119cej<span class=\"screen-reader-text\">Szkolne ko\u0142a sportowe<\/span><span class=\"fa fa-angle-double-right\" aria-hidden=\"true\"><\/span><\/a><\/p>\n","protected":false},"author":2,"featured_media":0,"parent":0,"menu_order":0,"comment_status":"closed","ping_status":"closed","template":"template\/full-width.php","meta":{"footnotes":""},"class_list":["post-8454","page","type-page","status-publish","hentry"],"_links":{"self":[{"href":"https:\/\/sps19.kalisz.pl\/index.php\/wp-json\/wp\/v2\/pages\/8454","targetHints":{"allow":["GET"]}}],"collection":[{"href":"https:\/\/sps19.kalisz.pl\/index.php\/wp-json\/wp\/v2\/pages"}],"about":[{"href":"https:\/\/sps19.kalisz.pl\/index.php\/wp-json\/wp\/v2\/types\/page"}],"author":[{"embeddable":true,"href":"https:\/\/sps19.kalisz.pl\/index.php\/wp-json\/wp\/v2\/users\/2"}],"replies":[{"embeddable":true,"href":"https:\/\/sps19.kalisz.pl\/index.php\/wp-json\/wp\/v2\/comments?post=8454"}],"version-history":[{"count":7,"href":"https:\/\/sps19.kalisz.pl\/index.php\/wp-json\/wp\/v2\/pages\/8454\/revisions"}],"predecessor-version":[{"id":13179,"href":"https:\/\/sps19.kalisz.pl\/index.php\/wp-json\/wp\/v2\/pages\/8454\/revisions\/13179"}],"wp:attachment":[{"href":"https:\/\/sps19.kalisz.pl\/index.php\/wp-json\/wp\/v2\/media?parent=8454"}],"curies":[{"name":"wp","href":"https:\/\/api.w.org\/{rel}","templated":true}]}}