{"id":9204,"date":"2022-10-05T09:28:07","date_gmt":"2022-10-05T07:28:07","guid":{"rendered":"http:\/\/sps19.kalisz.pl\/?page_id=9204"},"modified":"2025-07-09T13:41:36","modified_gmt":"2025-07-09T11:41:36","slug":"zajecia-rozwijajace-zainteresowanie-w-zakresie-bezpieczenstwa-w-ruchu-drogowym","status":"publish","type":"page","link":"https:\/\/sps19.kalisz.pl\/index.php\/zajecia-rozwijajace-zainteresowanie-w-zakresie-bezpieczenstwa-w-ruchu-drogowym\/","title":{"rendered":"Zaj\u0119cia rozwijaj\u0105ce zainteresowanie w zakresie bezpiecze\u0144stwa w ruchu drogowym"},"content":{"rendered":"\n<p class=\"has-medium-font-size\">Zaj\u0119cia maja zach\u0119ci\u0107 uczni\u00f3w do \u015bwiadomego uczestniczenia w&nbsp; ruchu drogowego. Zapozna\u0107 z przyk\u0142adowymi sytuacjami zagra\u017caj\u0105cymi ich zdrowiu i bezpiecze\u0144stwu oraz wskazywanie sposob\u00f3w radzenia sobie w razie ich zaistnienia. Wdra\u017ca\u0107 do przestrzegania zasad bezpiecznej zabawy i zapoznanie z zasadami bezpiecznego sp\u0119dzania czasu wolnego a przede wszystkim odpowiedzialno\u015b\u0107 za bezpiecze\u0144stwo w\u0142asne i innych.<\/p>\n\n\n\n<p class=\"has-medium-font-size\">Na zaj\u0119ciach \u0107wiczymy przepisy ruchu drogowego, jazd\u0119 po rowerowym torze przeszk\u00f3d oraz udzielanie pierwszej pomocy.<\/p>\n","protected":false},"excerpt":{"rendered":"<p>Zaj\u0119cia maja zach\u0119ci\u0107 uczni\u00f3w do \u015bwiadomego uczestniczenia w&nbsp; ruchu drogowego. Zapozna\u0107 z przyk\u0142adowymi sytuacjami zagra\u017caj\u0105cymi ich zdrowiu i bezpiecze\u0144stwu oraz wskazywanie sposob\u00f3w radzenia sobie w razie ich zaistnienia. Wdra\u017ca\u0107 do przestrzegania zasad bezpiecznej zabawy i zapoznanie z zasadami bezpiecznego sp\u0119dzania&#8230; <a href=\"https:\/\/sps19.kalisz.pl\/index.php\/zajecia-rozwijajace-zainteresowanie-w-zakresie-bezpieczenstwa-w-ruchu-drogowym\/\" class=\"readmore\">Dowiedz si\u0119 wi\u0119cej<span class=\"screen-reader-text\">Zaj\u0119cia rozwijaj\u0105ce zainteresowanie w zakresie bezpiecze\u0144stwa w ruchu drogowym<\/span><span class=\"fa fa-angle-double-right\" aria-hidden=\"true\"><\/span><\/a><\/p>\n","protected":false},"author":1,"featured_media":0,"parent":0,"menu_order":0,"comment_status":"closed","ping_status":"closed","template":"template\/full-width.php","meta":{"footnotes":""},"class_list":["post-9204","page","type-page","status-publish","hentry"],"_links":{"self":[{"href":"https:\/\/sps19.kalisz.pl\/index.php\/wp-json\/wp\/v2\/pages\/9204","targetHints":{"allow":["GET"]}}],"collection":[{"href":"https:\/\/sps19.kalisz.pl\/index.php\/wp-json\/wp\/v2\/pages"}],"about":[{"href":"https:\/\/sps19.kalisz.pl\/index.php\/wp-json\/wp\/v2\/types\/page"}],"author":[{"embeddable":true,"href":"https:\/\/sps19.kalisz.pl\/index.php\/wp-json\/wp\/v2\/users\/1"}],"replies":[{"embeddable":true,"href":"https:\/\/sps19.kalisz.pl\/index.php\/wp-json\/wp\/v2\/comments?post=9204"}],"version-history":[{"count":1,"href":"https:\/\/sps19.kalisz.pl\/index.php\/wp-json\/wp\/v2\/pages\/9204\/revisions"}],"predecessor-version":[{"id":9205,"href":"https:\/\/sps19.kalisz.pl\/index.php\/wp-json\/wp\/v2\/pages\/9204\/revisions\/9205"}],"wp:attachment":[{"href":"https:\/\/sps19.kalisz.pl\/index.php\/wp-json\/wp\/v2\/media?parent=9204"}],"curies":[{"name":"wp","href":"https:\/\/api.w.org\/{rel}","templated":true}]}}