{"id":9296,"date":"2022-10-10T09:41:30","date_gmt":"2022-10-10T07:41:30","guid":{"rendered":"http:\/\/sps19.kalisz.pl\/?page_id=9296"},"modified":"2024-09-02T10:48:52","modified_gmt":"2024-09-02T08:48:52","slug":"kacik-dla-rodzica","status":"publish","type":"page","link":"https:\/\/sps19.kalisz.pl\/index.php\/kacik-dla-rodzica\/","title":{"rendered":"K\u0105cik dla Rodzica"},"content":{"rendered":"\n<p class=\"has-text-align-center has-medium-font-size\"><strong>Lista bezp\u0142atnych numer\u00f3w pomocowych<\/strong><\/p>\n\n\n\n<p class=\"has-text-align-center has-medium-font-size\"><a href=\"https:\/\/zwjr.pl\/bezplatne-numery-pomocowe\"><strong>https:\/\/zwjr.pl\/bezplatne-numery-pomocowe<\/strong><\/a><\/p>\n\n\n\n<p>1. temat: Co\u015b niepokoj\u0105cego dzieje si\u0119 z moim dzieckiem. Czy mam z nim o tym porozmawia\u0107?<\/p>\n\n\n\n<p><a href=\"https:\/\/zwjr.pl\/artykuly\/cos-niepokojacego-dzieje-sie-z-moim-dzieckiem\">https:\/\/zwjr.pl\/artykuly\/cos-niepokojacego-dzieje-sie-z-moim-dzieckiem<\/a><\/p>\n\n\n\n<p>2. Temat: Rodzic w obliczu pr\u00f3by samob\u00f3jczej dziecka<\/p>\n\n\n\n<p><a href=\"https:\/\/zwjr.pl\/artykuly\/rodzic-w-obliczu-proby-samobojczej-dziecka\">https:\/\/zwjr.pl\/artykuly\/rodzic-w-obliczu-proby-samobojczej-dziecka<\/a><\/p>\n\n\n\n<p>3. temat:&nbsp; Jak rozpozna\u0107 depresj\u0119 u nastolatka?<\/p>\n\n\n\n<p><a href=\"https:\/\/zwjr.pl\/artykuly\/jak-rozpoznac-depresje-u-nastolatka\">https:\/\/zwjr.pl\/artykuly\/jak-rozpoznac-depresje-u-nastolatka<\/a><\/p>\n\n\n\n<p>&nbsp;4. temat: Symptomy nastoletniej depresji<\/p>\n\n\n\n<p><a href=\"https:\/\/zwjr.pl\/artykuly\/symptomy-nastoletniej-depresji\">https:\/\/zwjr.pl\/artykuly\/symptomy-nastoletniej-depresji<\/a><\/p>\n\n\n\n<p>5. temat: Dziecko ukrywa\u0142o przede mn\u0105 my\u015bli samob\u00f3jcze. Czy jestem z\u0142ym rodzicem?<\/p>\n\n\n\n<p><a href=\"https:\/\/zwjr.pl\/artykuly\/dziecko-ukrywalo-przede-mna-mysli-samobojcze\">https:\/\/zwjr.pl\/artykuly\/dziecko-ukrywalo-przede-mna-mysli-samobojcze<\/a><\/p>\n\n\n\n<p>6. temat: Samouszkodzenia czym s\u0105 i jak zareagowa\u0107?<\/p>\n\n\n\n<p><a href=\"https:\/\/zwjr.pl\/artykuly\/samouszkodzenia-czym-sa-i-jak-zareagowac\">https:\/\/zwjr.pl\/artykuly\/samouszkodzenia-czym-sa-i-jak-zareagowac<\/a><\/p>\n\n\n\n<p>7. Temat: Samouszkodzenia. Jak pom\u00f3c?<\/p>\n\n\n\n<p><a href=\"https:\/\/zwjr.pl\/artykuly\/samouszkodzenia-jak-pomoc\">https:\/\/zwjr.pl\/artykuly\/samouszkodzenia-jak-pomoc<\/a><\/p>\n\n\n\n<p><\/p>\n\n\n<div class=\"wp-block-image\">\n<figure class=\"aligncenter size-large\"><img fetchpriority=\"high\" decoding=\"async\" width=\"1024\" height=\"576\" src=\"https:\/\/sps19.kalisz.pl\/wp-content\/uploads\/2022\/10\/Slajd1-1024x576.jpg\" alt=\"\" class=\"wp-image-9321\" srcset=\"https:\/\/sps19.kalisz.pl\/wp-content\/uploads\/2022\/10\/Slajd1-1024x576.jpg 1024w, https:\/\/sps19.kalisz.pl\/wp-content\/uploads\/2022\/10\/Slajd1-300x169.jpg 300w, https:\/\/sps19.kalisz.pl\/wp-content\/uploads\/2022\/10\/Slajd1-768x432.jpg 768w, https:\/\/sps19.kalisz.pl\/wp-content\/uploads\/2022\/10\/Slajd1-660x371.jpg 660w, https:\/\/sps19.kalisz.pl\/wp-content\/uploads\/2022\/10\/Slajd1.jpg 1280w\" sizes=\"(max-width: 1024px) 100vw, 1024px\" \/><\/figure>\n<\/div>\n\n<div class=\"wp-block-image\">\n<figure class=\"aligncenter size-large\"><img decoding=\"async\" width=\"1024\" height=\"576\" src=\"https:\/\/sps19.kalisz.pl\/wp-content\/uploads\/2022\/10\/Slajd2-1024x576.jpg\" alt=\"\" class=\"wp-image-9322\" srcset=\"https:\/\/sps19.kalisz.pl\/wp-content\/uploads\/2022\/10\/Slajd2-1024x576.jpg 1024w, https:\/\/sps19.kalisz.pl\/wp-content\/uploads\/2022\/10\/Slajd2-300x169.jpg 300w, https:\/\/sps19.kalisz.pl\/wp-content\/uploads\/2022\/10\/Slajd2-768x432.jpg 768w, https:\/\/sps19.kalisz.pl\/wp-content\/uploads\/2022\/10\/Slajd2-660x371.jpg 660w, https:\/\/sps19.kalisz.pl\/wp-content\/uploads\/2022\/10\/Slajd2.jpg 1280w\" sizes=\"(max-width: 1024px) 100vw, 1024px\" \/><\/figure>\n<\/div>\n\n<div class=\"wp-block-image\">\n<figure class=\"aligncenter size-large\"><img decoding=\"async\" width=\"1024\" height=\"576\" src=\"https:\/\/sps19.kalisz.pl\/wp-content\/uploads\/2022\/10\/Slajd3-1024x576.jpg\" alt=\"\" class=\"wp-image-9323\" srcset=\"https:\/\/sps19.kalisz.pl\/wp-content\/uploads\/2022\/10\/Slajd3-1024x576.jpg 1024w, https:\/\/sps19.kalisz.pl\/wp-content\/uploads\/2022\/10\/Slajd3-300x169.jpg 300w, https:\/\/sps19.kalisz.pl\/wp-content\/uploads\/2022\/10\/Slajd3-768x432.jpg 768w, https:\/\/sps19.kalisz.pl\/wp-content\/uploads\/2022\/10\/Slajd3-660x371.jpg 660w, https:\/\/sps19.kalisz.pl\/wp-content\/uploads\/2022\/10\/Slajd3.jpg 1280w\" sizes=\"(max-width: 1024px) 100vw, 1024px\" \/><\/figure>\n<\/div>\n\n<div class=\"wp-block-image\">\n<figure class=\"aligncenter size-large\"><img loading=\"lazy\" decoding=\"async\" width=\"1024\" height=\"576\" src=\"https:\/\/sps19.kalisz.pl\/wp-content\/uploads\/2022\/10\/Slajd4-1024x576.jpg\" alt=\"\" class=\"wp-image-9325\" srcset=\"https:\/\/sps19.kalisz.pl\/wp-content\/uploads\/2022\/10\/Slajd4-1024x576.jpg 1024w, https:\/\/sps19.kalisz.pl\/wp-content\/uploads\/2022\/10\/Slajd4-300x169.jpg 300w, https:\/\/sps19.kalisz.pl\/wp-content\/uploads\/2022\/10\/Slajd4-768x432.jpg 768w, https:\/\/sps19.kalisz.pl\/wp-content\/uploads\/2022\/10\/Slajd4-660x371.jpg 660w, https:\/\/sps19.kalisz.pl\/wp-content\/uploads\/2022\/10\/Slajd4.jpg 1280w\" sizes=\"(max-width: 1024px) 100vw, 1024px\" \/><\/figure>\n<\/div>\n\n<div class=\"wp-block-image\">\n<figure class=\"aligncenter size-large\"><img loading=\"lazy\" decoding=\"async\" width=\"1024\" height=\"576\" src=\"https:\/\/sps19.kalisz.pl\/wp-content\/uploads\/2022\/10\/Slajd5-1024x576.jpg\" alt=\"\" class=\"wp-image-9326\" srcset=\"https:\/\/sps19.kalisz.pl\/wp-content\/uploads\/2022\/10\/Slajd5-1024x576.jpg 1024w, https:\/\/sps19.kalisz.pl\/wp-content\/uploads\/2022\/10\/Slajd5-300x169.jpg 300w, https:\/\/sps19.kalisz.pl\/wp-content\/uploads\/2022\/10\/Slajd5-768x432.jpg 768w, https:\/\/sps19.kalisz.pl\/wp-content\/uploads\/2022\/10\/Slajd5-660x371.jpg 660w, https:\/\/sps19.kalisz.pl\/wp-content\/uploads\/2022\/10\/Slajd5.jpg 1280w\" sizes=\"(max-width: 1024px) 100vw, 1024px\" \/><\/figure>\n<\/div>\n\n<div class=\"wp-block-image\">\n<figure class=\"aligncenter size-large\"><img loading=\"lazy\" decoding=\"async\" width=\"1024\" height=\"576\" src=\"https:\/\/sps19.kalisz.pl\/wp-content\/uploads\/2022\/10\/Slajd6-1024x576.jpg\" alt=\"\" class=\"wp-image-9327\" srcset=\"https:\/\/sps19.kalisz.pl\/wp-content\/uploads\/2022\/10\/Slajd6-1024x576.jpg 1024w, https:\/\/sps19.kalisz.pl\/wp-content\/uploads\/2022\/10\/Slajd6-300x169.jpg 300w, https:\/\/sps19.kalisz.pl\/wp-content\/uploads\/2022\/10\/Slajd6-768x432.jpg 768w, https:\/\/sps19.kalisz.pl\/wp-content\/uploads\/2022\/10\/Slajd6-660x371.jpg 660w, https:\/\/sps19.kalisz.pl\/wp-content\/uploads\/2022\/10\/Slajd6.jpg 1280w\" sizes=\"(max-width: 1024px) 100vw, 1024px\" \/><\/figure>\n<\/div>\n\n<div class=\"wp-block-image\">\n<figure class=\"aligncenter size-large\"><img loading=\"lazy\" decoding=\"async\" width=\"1024\" height=\"576\" src=\"https:\/\/sps19.kalisz.pl\/wp-content\/uploads\/2022\/10\/Slajd7-1024x576.jpg\" alt=\"\" class=\"wp-image-9328\" srcset=\"https:\/\/sps19.kalisz.pl\/wp-content\/uploads\/2022\/10\/Slajd7-1024x576.jpg 1024w, https:\/\/sps19.kalisz.pl\/wp-content\/uploads\/2022\/10\/Slajd7-300x169.jpg 300w, https:\/\/sps19.kalisz.pl\/wp-content\/uploads\/2022\/10\/Slajd7-768x432.jpg 768w, https:\/\/sps19.kalisz.pl\/wp-content\/uploads\/2022\/10\/Slajd7-660x371.jpg 660w, https:\/\/sps19.kalisz.pl\/wp-content\/uploads\/2022\/10\/Slajd7.jpg 1280w\" sizes=\"(max-width: 1024px) 100vw, 1024px\" \/><\/figure>\n<\/div>\n\n<div class=\"wp-block-image\">\n<figure class=\"aligncenter size-large\"><img loading=\"lazy\" decoding=\"async\" width=\"1024\" height=\"576\" src=\"https:\/\/sps19.kalisz.pl\/wp-content\/uploads\/2022\/10\/Slajd8-1024x576.jpg\" alt=\"\" class=\"wp-image-9329\" srcset=\"https:\/\/sps19.kalisz.pl\/wp-content\/uploads\/2022\/10\/Slajd8-1024x576.jpg 1024w, https:\/\/sps19.kalisz.pl\/wp-content\/uploads\/2022\/10\/Slajd8-300x169.jpg 300w, https:\/\/sps19.kalisz.pl\/wp-content\/uploads\/2022\/10\/Slajd8-768x432.jpg 768w, https:\/\/sps19.kalisz.pl\/wp-content\/uploads\/2022\/10\/Slajd8-660x371.jpg 660w, https:\/\/sps19.kalisz.pl\/wp-content\/uploads\/2022\/10\/Slajd8.jpg 1280w\" sizes=\"(max-width: 1024px) 100vw, 1024px\" \/><\/figure>\n<\/div>\n\n<div class=\"wp-block-image\">\n<figure class=\"aligncenter size-large\"><img loading=\"lazy\" decoding=\"async\" width=\"1024\" height=\"576\" src=\"https:\/\/sps19.kalisz.pl\/wp-content\/uploads\/2022\/10\/Slajd5-1-1024x576.jpg\" alt=\"\" class=\"wp-image-9330\" srcset=\"https:\/\/sps19.kalisz.pl\/wp-content\/uploads\/2022\/10\/Slajd5-1-1024x576.jpg 1024w, https:\/\/sps19.kalisz.pl\/wp-content\/uploads\/2022\/10\/Slajd5-1-300x169.jpg 300w, https:\/\/sps19.kalisz.pl\/wp-content\/uploads\/2022\/10\/Slajd5-1-768x432.jpg 768w, https:\/\/sps19.kalisz.pl\/wp-content\/uploads\/2022\/10\/Slajd5-1-660x371.jpg 660w, https:\/\/sps19.kalisz.pl\/wp-content\/uploads\/2022\/10\/Slajd5-1.jpg 1280w\" sizes=\"(max-width: 1024px) 100vw, 1024px\" \/><\/figure>\n<\/div>\n\n<div class=\"wp-block-image\">\n<figure class=\"aligncenter size-large\"><img loading=\"lazy\" decoding=\"async\" width=\"1024\" height=\"576\" src=\"https:\/\/sps19.kalisz.pl\/wp-content\/uploads\/2022\/10\/Slajd10-1024x576.jpg\" alt=\"\" class=\"wp-image-9331\" srcset=\"https:\/\/sps19.kalisz.pl\/wp-content\/uploads\/2022\/10\/Slajd10-1024x576.jpg 1024w, https:\/\/sps19.kalisz.pl\/wp-content\/uploads\/2022\/10\/Slajd10-300x169.jpg 300w, https:\/\/sps19.kalisz.pl\/wp-content\/uploads\/2022\/10\/Slajd10-768x432.jpg 768w, https:\/\/sps19.kalisz.pl\/wp-content\/uploads\/2022\/10\/Slajd10-660x371.jpg 660w, https:\/\/sps19.kalisz.pl\/wp-content\/uploads\/2022\/10\/Slajd10.jpg 1280w\" sizes=\"(max-width: 1024px) 100vw, 1024px\" \/><\/figure>\n<\/div>\n\n<div class=\"wp-block-image\">\n<figure class=\"aligncenter size-large\"><img loading=\"lazy\" decoding=\"async\" width=\"1024\" height=\"576\" src=\"https:\/\/sps19.kalisz.pl\/wp-content\/uploads\/2022\/10\/Slajd11-1024x576.jpg\" alt=\"\" class=\"wp-image-9332\" srcset=\"https:\/\/sps19.kalisz.pl\/wp-content\/uploads\/2022\/10\/Slajd11-1024x576.jpg 1024w, https:\/\/sps19.kalisz.pl\/wp-content\/uploads\/2022\/10\/Slajd11-300x169.jpg 300w, https:\/\/sps19.kalisz.pl\/wp-content\/uploads\/2022\/10\/Slajd11-768x432.jpg 768w, https:\/\/sps19.kalisz.pl\/wp-content\/uploads\/2022\/10\/Slajd11-660x371.jpg 660w, https:\/\/sps19.kalisz.pl\/wp-content\/uploads\/2022\/10\/Slajd11.jpg 1280w\" sizes=\"(max-width: 1024px) 100vw, 1024px\" \/><\/figure>\n<\/div>\n\n<div class=\"wp-block-image\">\n<figure class=\"aligncenter size-large\"><img loading=\"lazy\" decoding=\"async\" width=\"1024\" height=\"576\" src=\"https:\/\/sps19.kalisz.pl\/wp-content\/uploads\/2022\/10\/Slajd12-1024x576.jpg\" alt=\"\" class=\"wp-image-9333\" srcset=\"https:\/\/sps19.kalisz.pl\/wp-content\/uploads\/2022\/10\/Slajd12-1024x576.jpg 1024w, https:\/\/sps19.kalisz.pl\/wp-content\/uploads\/2022\/10\/Slajd12-300x169.jpg 300w, https:\/\/sps19.kalisz.pl\/wp-content\/uploads\/2022\/10\/Slajd12-768x432.jpg 768w, https:\/\/sps19.kalisz.pl\/wp-content\/uploads\/2022\/10\/Slajd12-660x371.jpg 660w, https:\/\/sps19.kalisz.pl\/wp-content\/uploads\/2022\/10\/Slajd12.jpg 1280w\" sizes=\"(max-width: 1024px) 100vw, 1024px\" \/><\/figure>\n<\/div>\n\n<div class=\"wp-block-image\">\n<figure class=\"aligncenter size-large\"><img loading=\"lazy\" decoding=\"async\" width=\"1024\" height=\"576\" src=\"https:\/\/sps19.kalisz.pl\/wp-content\/uploads\/2022\/10\/Slajd13-1024x576.jpg\" alt=\"\" class=\"wp-image-9334\" srcset=\"https:\/\/sps19.kalisz.pl\/wp-content\/uploads\/2022\/10\/Slajd13-1024x576.jpg 1024w, https:\/\/sps19.kalisz.pl\/wp-content\/uploads\/2022\/10\/Slajd13-300x169.jpg 300w, https:\/\/sps19.kalisz.pl\/wp-content\/uploads\/2022\/10\/Slajd13-768x432.jpg 768w, https:\/\/sps19.kalisz.pl\/wp-content\/uploads\/2022\/10\/Slajd13-660x371.jpg 660w, https:\/\/sps19.kalisz.pl\/wp-content\/uploads\/2022\/10\/Slajd13.jpg 1280w\" sizes=\"(max-width: 1024px) 100vw, 1024px\" \/><\/figure>\n<\/div>\n\n<div class=\"wp-block-image\">\n<figure class=\"aligncenter size-large\"><img loading=\"lazy\" decoding=\"async\" width=\"1024\" height=\"576\" src=\"https:\/\/sps19.kalisz.pl\/wp-content\/uploads\/2022\/10\/Slajd14-1024x576.jpg\" alt=\"\" class=\"wp-image-9335\" srcset=\"https:\/\/sps19.kalisz.pl\/wp-content\/uploads\/2022\/10\/Slajd14-1024x576.jpg 1024w, https:\/\/sps19.kalisz.pl\/wp-content\/uploads\/2022\/10\/Slajd14-300x169.jpg 300w, https:\/\/sps19.kalisz.pl\/wp-content\/uploads\/2022\/10\/Slajd14-768x432.jpg 768w, https:\/\/sps19.kalisz.pl\/wp-content\/uploads\/2022\/10\/Slajd14-660x371.jpg 660w, https:\/\/sps19.kalisz.pl\/wp-content\/uploads\/2022\/10\/Slajd14.jpg 1280w\" sizes=\"(max-width: 1024px) 100vw, 1024px\" \/><\/figure>\n<\/div>\n\n<div class=\"wp-block-image\">\n<figure class=\"aligncenter size-large\"><img loading=\"lazy\" decoding=\"async\" width=\"1024\" height=\"576\" src=\"https:\/\/sps19.kalisz.pl\/wp-content\/uploads\/2022\/10\/Slajd15-1024x576.jpg\" alt=\"\" class=\"wp-image-9336\" srcset=\"https:\/\/sps19.kalisz.pl\/wp-content\/uploads\/2022\/10\/Slajd15-1024x576.jpg 1024w, https:\/\/sps19.kalisz.pl\/wp-content\/uploads\/2022\/10\/Slajd15-300x169.jpg 300w, https:\/\/sps19.kalisz.pl\/wp-content\/uploads\/2022\/10\/Slajd15-768x432.jpg 768w, https:\/\/sps19.kalisz.pl\/wp-content\/uploads\/2022\/10\/Slajd15-660x371.jpg 660w, https:\/\/sps19.kalisz.pl\/wp-content\/uploads\/2022\/10\/Slajd15.jpg 1280w\" sizes=\"(max-width: 1024px) 100vw, 1024px\" \/><\/figure>\n<\/div>\n\n\n<figure class=\"wp-block-image size-large\"><img loading=\"lazy\" decoding=\"async\" width=\"1024\" height=\"576\" src=\"https:\/\/sps19.kalisz.pl\/wp-content\/uploads\/2022\/10\/mtip-1024x576.jpg\" alt=\"\" class=\"wp-image-9342\" srcset=\"https:\/\/sps19.kalisz.pl\/wp-content\/uploads\/2022\/10\/mtip-1024x576.jpg 1024w, https:\/\/sps19.kalisz.pl\/wp-content\/uploads\/2022\/10\/mtip-300x169.jpg 300w, https:\/\/sps19.kalisz.pl\/wp-content\/uploads\/2022\/10\/mtip-768x432.jpg 768w, https:\/\/sps19.kalisz.pl\/wp-content\/uploads\/2022\/10\/mtip-660x371.jpg 660w, https:\/\/sps19.kalisz.pl\/wp-content\/uploads\/2022\/10\/mtip.jpg 1280w\" sizes=\"(max-width: 1024px) 100vw, 1024px\" \/><\/figure>\n\n\n<div class=\"wp-block-image\">\n<figure class=\"aligncenter size-large\"><img loading=\"lazy\" decoding=\"async\" width=\"1024\" height=\"576\" src=\"https:\/\/sps19.kalisz.pl\/wp-content\/uploads\/2022\/10\/Slajd17-1024x576.jpg\" alt=\"\" class=\"wp-image-9338\" srcset=\"https:\/\/sps19.kalisz.pl\/wp-content\/uploads\/2022\/10\/Slajd17-1024x576.jpg 1024w, https:\/\/sps19.kalisz.pl\/wp-content\/uploads\/2022\/10\/Slajd17-300x169.jpg 300w, https:\/\/sps19.kalisz.pl\/wp-content\/uploads\/2022\/10\/Slajd17-768x432.jpg 768w, https:\/\/sps19.kalisz.pl\/wp-content\/uploads\/2022\/10\/Slajd17-660x371.jpg 660w, https:\/\/sps19.kalisz.pl\/wp-content\/uploads\/2022\/10\/Slajd17.jpg 1280w\" sizes=\"(max-width: 1024px) 100vw, 1024px\" \/><\/figure>\n<\/div>\n\n<div class=\"wp-block-image\">\n<figure class=\"aligncenter size-large\"><img loading=\"lazy\" decoding=\"async\" width=\"1024\" height=\"576\" src=\"https:\/\/sps19.kalisz.pl\/wp-content\/uploads\/2022\/10\/Slajd18-1024x576.jpg\" alt=\"\" class=\"wp-image-9339\" srcset=\"https:\/\/sps19.kalisz.pl\/wp-content\/uploads\/2022\/10\/Slajd18-1024x576.jpg 1024w, https:\/\/sps19.kalisz.pl\/wp-content\/uploads\/2022\/10\/Slajd18-300x169.jpg 300w, https:\/\/sps19.kalisz.pl\/wp-content\/uploads\/2022\/10\/Slajd18-768x432.jpg 768w, https:\/\/sps19.kalisz.pl\/wp-content\/uploads\/2022\/10\/Slajd18-660x371.jpg 660w, https:\/\/sps19.kalisz.pl\/wp-content\/uploads\/2022\/10\/Slajd18.jpg 1280w\" sizes=\"(max-width: 1024px) 100vw, 1024px\" \/><\/figure>\n<\/div>\n\n<div class=\"wp-block-image\">\n<figure class=\"aligncenter size-large\"><img loading=\"lazy\" decoding=\"async\" width=\"1024\" height=\"576\" src=\"https:\/\/sps19.kalisz.pl\/wp-content\/uploads\/2022\/10\/Slajd19-1024x576.jpg\" alt=\"\" class=\"wp-image-9340\" srcset=\"https:\/\/sps19.kalisz.pl\/wp-content\/uploads\/2022\/10\/Slajd19-1024x576.jpg 1024w, https:\/\/sps19.kalisz.pl\/wp-content\/uploads\/2022\/10\/Slajd19-300x169.jpg 300w, https:\/\/sps19.kalisz.pl\/wp-content\/uploads\/2022\/10\/Slajd19-768x432.jpg 768w, https:\/\/sps19.kalisz.pl\/wp-content\/uploads\/2022\/10\/Slajd19-660x371.jpg 660w, https:\/\/sps19.kalisz.pl\/wp-content\/uploads\/2022\/10\/Slajd19.jpg 1280w\" sizes=\"(max-width: 1024px) 100vw, 1024px\" \/><\/figure>\n<\/div>\n\n\n<p class=\"has-medium-font-size\">Materia\u0142y pochodz\u0105 ze strony www.myslepozytywnie.pl<\/p>\n\n\n\n<p><\/p>\n","protected":false},"excerpt":{"rendered":"<p>Lista bezp\u0142atnych numer\u00f3w pomocowych https:\/\/zwjr.pl\/bezplatne-numery-pomocowe 1. temat: Co\u015b niepokoj\u0105cego dzieje si\u0119 z moim dzieckiem. Czy mam z nim o tym porozmawia\u0107? https:\/\/zwjr.pl\/artykuly\/cos-niepokojacego-dzieje-sie-z-moim-dzieckiem 2. Temat: Rodzic w obliczu pr\u00f3by samob\u00f3jczej dziecka https:\/\/zwjr.pl\/artykuly\/rodzic-w-obliczu-proby-samobojczej-dziecka 3. temat:&nbsp; Jak rozpozna\u0107 depresj\u0119 u nastolatka? https:\/\/zwjr.pl\/artykuly\/jak-rozpoznac-depresje-u-nastolatka &nbsp;4&#8230;. <a href=\"https:\/\/sps19.kalisz.pl\/index.php\/kacik-dla-rodzica\/\" class=\"readmore\">Dowiedz si\u0119 wi\u0119cej<span class=\"screen-reader-text\">K\u0105cik dla Rodzica<\/span><span class=\"fa fa-angle-double-right\" aria-hidden=\"true\"><\/span><\/a><\/p>\n","protected":false},"author":1,"featured_media":0,"parent":0,"menu_order":0,"comment_status":"closed","ping_status":"closed","template":"page-templates\/full-width.php","meta":{"footnotes":""},"class_list":["post-9296","page","type-page","status-publish","hentry"],"_links":{"self":[{"href":"https:\/\/sps19.kalisz.pl\/index.php\/wp-json\/wp\/v2\/pages\/9296","targetHints":{"allow":["GET"]}}],"collection":[{"href":"https:\/\/sps19.kalisz.pl\/index.php\/wp-json\/wp\/v2\/pages"}],"about":[{"href":"https:\/\/sps19.kalisz.pl\/index.php\/wp-json\/wp\/v2\/types\/page"}],"author":[{"embeddable":true,"href":"https:\/\/sps19.kalisz.pl\/index.php\/wp-json\/wp\/v2\/users\/1"}],"replies":[{"embeddable":true,"href":"https:\/\/sps19.kalisz.pl\/index.php\/wp-json\/wp\/v2\/comments?post=9296"}],"version-history":[{"count":6,"href":"https:\/\/sps19.kalisz.pl\/index.php\/wp-json\/wp\/v2\/pages\/9296\/revisions"}],"predecessor-version":[{"id":11085,"href":"https:\/\/sps19.kalisz.pl\/index.php\/wp-json\/wp\/v2\/pages\/9296\/revisions\/11085"}],"wp:attachment":[{"href":"https:\/\/sps19.kalisz.pl\/index.php\/wp-json\/wp\/v2\/media?parent=9296"}],"curies":[{"name":"wp","href":"https:\/\/api.w.org\/{rel}","templated":true}]}}