{"id":9354,"date":"2022-10-10T14:09:13","date_gmt":"2022-10-10T12:09:13","guid":{"rendered":"http:\/\/sps19.kalisz.pl\/?page_id=9354"},"modified":"2026-01-30T17:31:49","modified_gmt":"2026-01-30T16:31:49","slug":"klub-olimpiad-specjalnych","status":"publish","type":"page","link":"https:\/\/sps19.kalisz.pl\/index.php\/klub-olimpiad-specjalnych\/","title":{"rendered":"Klub Olimpiad Specjalnych"},"content":{"rendered":"\n<p class=\"has-medium-font-size\">Klub Olimpiad Specjalnych \u201eWaleczna Dziewi\u0119tnastka\u201d dzia\u0142a w Szkole Podstawowej Specjalnej nr 19 w Kaliszu i podlega pod Oddzia\u0142 Regionalny Olimpiady Specjalne Wielkopolskie Konin. G\u0142\u00f3wnym celem jest wspomaganie rozwoju os\u00f3b z niepe\u0142nosprawno\u015bci\u0105 intelektualn\u0105 poprzez zapewnienie im udzia\u0142u w treningach i wsp\u00f3\u0142zawodnictwie sportowym. Dzi\u0119ki tym aktywno\u015bciom nasi podopieczni ucz\u0105 si\u0119 nowych umiej\u0119tno\u015bci, prze\u0142amuj\u0105 w\u0142asne bariery, ale nie tylko. Bardzo wa\u017cne jest r\u00f3wnie\u017c udost\u0119pnienie uczniom mo\u017cliwo\u015bci pokazywania emocji oraz pe\u0142nienia r\u00f3\u017cnych r\u00f3l spo\u0142ecznych. Dzi\u0119ki tym dzia\u0142alno\u015bciom wysy\u0142amy w stron\u0119 spo\u0142ecze\u0144stwa sygna\u0142 umo\u017cliwiaj\u0105cy lepsze zrozumienie i akceptacj\u0119 os\u00f3b z niepe\u0142nosprawno\u015bci\u0105 intelektualn\u0105. Uczniowie uczestnicz\u0105 r\u00f3wnie\u017c w program treningu aktywno\u015bci motorycznej MATP i M\u0142odzi Sportowcy.<\/p>\n\n\n\n<p class=\"has-medium-font-size\">Treningi prowadz\u0105 Pani Marta Szymanowska \u2013 dyscyplina lekkoatletyka, Pani Monika Skrzypek &#8211; dyscyplina kolarstwo, Pan Hubert Piasecki \u2013 dyscyplina p\u0142ywanie.<\/p>\n\n\n\n<p><\/p>\n\n\n\n<figure class=\"wp-block-gallery has-nested-images columns-default is-cropped wp-block-gallery-1 is-layout-flex wp-block-gallery-is-layout-flex\">\n<figure class=\"wp-block-image size-large\"><img fetchpriority=\"high\" decoding=\"async\" width=\"1008\" height=\"456\" data-id=\"13094\" src=\"https:\/\/sps19.kalisz.pl\/wp-content\/uploads\/2026\/01\/1-OS.jpg\" alt=\"\" class=\"wp-image-13094\" srcset=\"https:\/\/sps19.kalisz.pl\/wp-content\/uploads\/2026\/01\/1-OS.jpg 1008w, https:\/\/sps19.kalisz.pl\/wp-content\/uploads\/2026\/01\/1-OS-300x136.jpg 300w, https:\/\/sps19.kalisz.pl\/wp-content\/uploads\/2026\/01\/1-OS-768x347.jpg 768w\" sizes=\"(max-width: 1008px) 100vw, 1008px\" \/><\/figure>\n\n\n\n<figure class=\"wp-block-image size-large\"><img decoding=\"async\" width=\"768\" height=\"1024\" data-id=\"13099\" src=\"https:\/\/sps19.kalisz.pl\/wp-content\/uploads\/2026\/01\/2-6-768x1024.jpg\" alt=\"\" class=\"wp-image-13099\" srcset=\"https:\/\/sps19.kalisz.pl\/wp-content\/uploads\/2026\/01\/2-6-768x1024.jpg 768w, https:\/\/sps19.kalisz.pl\/wp-content\/uploads\/2026\/01\/2-6-225x300.jpg 225w, https:\/\/sps19.kalisz.pl\/wp-content\/uploads\/2026\/01\/2-6-1152x1536.jpg 1152w, https:\/\/sps19.kalisz.pl\/wp-content\/uploads\/2026\/01\/2-6.jpg 1536w\" sizes=\"(max-width: 768px) 100vw, 768px\" \/><\/figure>\n\n\n\n<figure class=\"wp-block-image size-large\"><img decoding=\"async\" width=\"1024\" height=\"840\" data-id=\"13097\" src=\"https:\/\/sps19.kalisz.pl\/wp-content\/uploads\/2026\/01\/3-6-1024x840.jpg\" alt=\"\" class=\"wp-image-13097\" srcset=\"https:\/\/sps19.kalisz.pl\/wp-content\/uploads\/2026\/01\/3-6-1024x840.jpg 1024w, https:\/\/sps19.kalisz.pl\/wp-content\/uploads\/2026\/01\/3-6-300x246.jpg 300w, https:\/\/sps19.kalisz.pl\/wp-content\/uploads\/2026\/01\/3-6-768x630.jpg 768w, https:\/\/sps19.kalisz.pl\/wp-content\/uploads\/2026\/01\/3-6.jpg 1531w\" sizes=\"(max-width: 1024px) 100vw, 1024px\" \/><\/figure>\n\n\n\n<figure class=\"wp-block-image size-large\"><img loading=\"lazy\" decoding=\"async\" width=\"1024\" height=\"716\" data-id=\"13096\" src=\"https:\/\/sps19.kalisz.pl\/wp-content\/uploads\/2026\/01\/4-6-1024x716.jpg\" alt=\"\" class=\"wp-image-13096\" srcset=\"https:\/\/sps19.kalisz.pl\/wp-content\/uploads\/2026\/01\/4-6-1024x716.jpg 1024w, https:\/\/sps19.kalisz.pl\/wp-content\/uploads\/2026\/01\/4-6-300x210.jpg 300w, https:\/\/sps19.kalisz.pl\/wp-content\/uploads\/2026\/01\/4-6-768x537.jpg 768w, https:\/\/sps19.kalisz.pl\/wp-content\/uploads\/2026\/01\/4-6.jpg 1222w\" sizes=\"(max-width: 1024px) 100vw, 1024px\" \/><\/figure>\n\n\n\n<figure class=\"wp-block-image size-large\"><img loading=\"lazy\" decoding=\"async\" width=\"1024\" height=\"768\" data-id=\"13098\" src=\"https:\/\/sps19.kalisz.pl\/wp-content\/uploads\/2026\/01\/4d616363-7ee3-4b15-b872-f01d628e3bec-1024x768.jpg\" alt=\"\" class=\"wp-image-13098\" srcset=\"https:\/\/sps19.kalisz.pl\/wp-content\/uploads\/2026\/01\/4d616363-7ee3-4b15-b872-f01d628e3bec-1024x768.jpg 1024w, https:\/\/sps19.kalisz.pl\/wp-content\/uploads\/2026\/01\/4d616363-7ee3-4b15-b872-f01d628e3bec-300x225.jpg 300w, https:\/\/sps19.kalisz.pl\/wp-content\/uploads\/2026\/01\/4d616363-7ee3-4b15-b872-f01d628e3bec-768x576.jpg 768w, https:\/\/sps19.kalisz.pl\/wp-content\/uploads\/2026\/01\/4d616363-7ee3-4b15-b872-f01d628e3bec-1536x1152.jpg 1536w, https:\/\/sps19.kalisz.pl\/wp-content\/uploads\/2026\/01\/4d616363-7ee3-4b15-b872-f01d628e3bec.jpg 2048w\" sizes=\"(max-width: 1024px) 100vw, 1024px\" \/><\/figure>\n\n\n\n<figure class=\"wp-block-image size-large\"><img loading=\"lazy\" decoding=\"async\" width=\"1024\" height=\"823\" data-id=\"13100\" src=\"https:\/\/sps19.kalisz.pl\/wp-content\/uploads\/2026\/01\/5-6-1024x823.jpg\" alt=\"\" class=\"wp-image-13100\" srcset=\"https:\/\/sps19.kalisz.pl\/wp-content\/uploads\/2026\/01\/5-6-1024x823.jpg 1024w, https:\/\/sps19.kalisz.pl\/wp-content\/uploads\/2026\/01\/5-6-300x241.jpg 300w, https:\/\/sps19.kalisz.pl\/wp-content\/uploads\/2026\/01\/5-6-768x617.jpg 768w, https:\/\/sps19.kalisz.pl\/wp-content\/uploads\/2026\/01\/5-6-1536x1234.jpg 1536w, https:\/\/sps19.kalisz.pl\/wp-content\/uploads\/2026\/01\/5-6.jpg 1699w\" sizes=\"(max-width: 1024px) 100vw, 1024px\" \/><\/figure>\n\n\n\n<figure class=\"wp-block-image size-large\"><img loading=\"lazy\" decoding=\"async\" width=\"1024\" height=\"599\" data-id=\"13095\" src=\"https:\/\/sps19.kalisz.pl\/wp-content\/uploads\/2026\/01\/6-6-1024x599.jpg\" alt=\"\" class=\"wp-image-13095\" srcset=\"https:\/\/sps19.kalisz.pl\/wp-content\/uploads\/2026\/01\/6-6-1024x599.jpg 1024w, https:\/\/sps19.kalisz.pl\/wp-content\/uploads\/2026\/01\/6-6-300x175.jpg 300w, https:\/\/sps19.kalisz.pl\/wp-content\/uploads\/2026\/01\/6-6-768x449.jpg 768w, https:\/\/sps19.kalisz.pl\/wp-content\/uploads\/2026\/01\/6-6.jpg 1302w\" sizes=\"(max-width: 1024px) 100vw, 1024px\" \/><\/figure>\n<\/figure>\n","protected":false},"excerpt":{"rendered":"<p>Klub Olimpiad Specjalnych \u201eWaleczna Dziewi\u0119tnastka\u201d dzia\u0142a w Szkole Podstawowej Specjalnej nr 19 w Kaliszu i podlega pod Oddzia\u0142 Regionalny Olimpiady Specjalne Wielkopolskie Konin. G\u0142\u00f3wnym celem jest wspomaganie rozwoju os\u00f3b z niepe\u0142nosprawno\u015bci\u0105 intelektualn\u0105 poprzez zapewnienie im udzia\u0142u w treningach i wsp\u00f3\u0142zawodnictwie&#8230; <a href=\"https:\/\/sps19.kalisz.pl\/index.php\/klub-olimpiad-specjalnych\/\" class=\"readmore\">Dowiedz si\u0119 wi\u0119cej<span class=\"screen-reader-text\">Klub Olimpiad Specjalnych<\/span><span class=\"fa fa-angle-double-right\" aria-hidden=\"true\"><\/span><\/a><\/p>\n","protected":false},"author":1,"featured_media":0,"parent":0,"menu_order":0,"comment_status":"closed","ping_status":"closed","template":"template\/full-width.php","meta":{"footnotes":""},"class_list":["post-9354","page","type-page","status-publish","hentry"],"_links":{"self":[{"href":"https:\/\/sps19.kalisz.pl\/index.php\/wp-json\/wp\/v2\/pages\/9354","targetHints":{"allow":["GET"]}}],"collection":[{"href":"https:\/\/sps19.kalisz.pl\/index.php\/wp-json\/wp\/v2\/pages"}],"about":[{"href":"https:\/\/sps19.kalisz.pl\/index.php\/wp-json\/wp\/v2\/types\/page"}],"author":[{"embeddable":true,"href":"https:\/\/sps19.kalisz.pl\/index.php\/wp-json\/wp\/v2\/users\/1"}],"replies":[{"embeddable":true,"href":"https:\/\/sps19.kalisz.pl\/index.php\/wp-json\/wp\/v2\/comments?post=9354"}],"version-history":[{"count":4,"href":"https:\/\/sps19.kalisz.pl\/index.php\/wp-json\/wp\/v2\/pages\/9354\/revisions"}],"predecessor-version":[{"id":13101,"href":"https:\/\/sps19.kalisz.pl\/index.php\/wp-json\/wp\/v2\/pages\/9354\/revisions\/13101"}],"wp:attachment":[{"href":"https:\/\/sps19.kalisz.pl\/index.php\/wp-json\/wp\/v2\/media?parent=9354"}],"curies":[{"name":"wp","href":"https:\/\/api.w.org\/{rel}","templated":true}]}}